{"id":33,"date":"2020-09-14T11:32:40","date_gmt":"2020-09-14T11:32:40","guid":{"rendered":"https:\/\/wordpress.spielerschutz.ch\/?page_id=33"},"modified":"2022-05-09T11:21:19","modified_gmt":"2022-05-09T09:21:19","slug":"rechtliche-hinweise","status":"publish","type":"page","link":"https:\/\/spielerschutz.swisscasinos.ch\/de\/rechtliche-hinweise\/","title":{"rendered":"Recht&shy;li&shy;che Hin&shy;wei&shy;se"},"content":{"rendered":"<div class=\"fusion-fullwidth fullwidth-box fusion-builder-row-1 fusion-flex-container nonhundred-percent-fullwidth non-hundred-percent-height-scrolling\" style=\"--awb-border-radius-top-left:0px;--awb-border-radius-top-right:0px;--awb-border-radius-bottom-right:0px;--awb-border-radius-bottom-left:0px;--awb-padding-top:90px;--awb-padding-bottom:90px;--awb-padding-top-small:60px;--awb-flex-wrap:wrap;\" ><div class=\"fusion-builder-row fusion-row fusion-flex-align-items-flex-start fusion-flex-content-wrap\" style=\"max-width:1248px;margin-left: calc(-4% \/ 2 );margin-right: calc(-4% \/ 2 );\"><div class=\"fusion-layout-column fusion_builder_column fusion-builder-column-0 fusion_builder_column_1_1 1_1 fusion-flex-column\" style=\"--awb-bg-size:cover;--awb-width-large:100%;--awb-margin-top-large:0px;--awb-spacing-right-large:1.92%;--awb-margin-bottom-large:20px;--awb-spacing-left-large:1.92%;--awb-width-medium:100%;--awb-order-medium:0;--awb-spacing-right-medium:1.92%;--awb-spacing-left-medium:1.92%;--awb-width-small:100%;--awb-order-small:0;--awb-spacing-right-small:1.92%;--awb-spacing-left-small:1.92%;\"><div class=\"fusion-column-wrapper fusion-column-has-shadow fusion-flex-justify-content-flex-start fusion-content-layout-column\"><div class=\"fusion-title title fusion-title-1 fusion-sep-none fusion-title-center fusion-title-text fusion-title-size-one\"><h1 class=\"fusion-title-heading title-heading-center\" style=\"margin:0;\">Ein&shy;leit&shy;ung<\/h1><\/div><div class=\"fusion-text fusion-text-1\"><p style=\"margin-top: 0cm; background: white;\"><span style=\"font-family: Montserrat; color: #202020;\">Mit dem Zugriff auf diese Website und ihre Unterseiten erkl\u00e4ren Sie sich mit den folgenden Bestimmungen einverstanden. Wenn Sie diesen nicht zustimmen, unterlassen Sie bitte den Zugriff auf diese Website und ihre Unterseiten (nachfolgend \u00abWebsite\u00bb genannt).<\/span><\/p>\n<\/div><div class=\"fusion-title title fusion-title-2 fusion-sep-none fusion-title-center fusion-title-text fusion-title-size-one\"><h1 class=\"fusion-title-heading title-heading-center\" style=\"margin:0;\">Haft&shy;ungs&shy;\u00adaus&shy;schluss<\/h1><\/div><div class=\"fusion-text fusion-text-2\"><p style=\"margin-top: 0cm; background: white;\"><span style=\"font-family: Montserrat; color: #202020;\">Die Informationen auf vorliegender Website werden mit gr\u00f6sster Sorgfalt erstellt. Wir \u00fcbernehmen jedoch keine Gew\u00e4hr f\u00fcr deren Vollst\u00e4ndigkeit oder Eignung f\u00fcr die weitere Verwendung durch den Nutzer. S\u00e4mtliche Aussagen stehen unter dem Vorbehalt jederzeitiger \u00c4nderung. F\u00fcr die Vollst\u00e4ndigkeit, Richtigkeit und Aktualit\u00e4t der Inhalte \u00fcbernimmt Swiss Casinos keine Haftung.<\/span><\/p>\n<\/div><div class=\"fusion-title title fusion-title-3 fusion-sep-none fusion-title-center fusion-title-text fusion-title-size-one\"><h1 class=\"fusion-title-heading title-heading-center\" style=\"margin:0;\">Nutz&shy;ungs&shy;\u00adbe&shy;ding&shy;ung&shy;en<\/h1><\/div><div class=\"fusion-text fusion-text-3\"><p style=\"margin-top: 0cm; background: white;\"><span style=\"font-family: Montserrat; color: #202020;\">Die auf der Website enthaltenen Inhalte, insbesondere das Bildmaterial, sind urheberrechtlich gesch\u00fctzt. Das Herunterladen der Inhalte auf diesen Internetseiten ist ausschliesslich zu privatem, nicht-kommerziellem Gebrauch gestattet. Sie d\u00fcrfen nicht ver\u00e4ndert und ohne schriftliche Genehmigung durch Swiss Casinos auf keinen anderen Internetseiten oder Computersystemen genutzt werden. Ebenso ist es ohne schriftliche Genehmigung untersagt, die Inhalte f\u00fcr \u00f6ffentliche oder kommerzielle Zwecke zu vervielf\u00e4ltigen oder anderweitig zu verwerten. Ein Verstoss gegen diese Bestimmungen wird geahndet und verpflichtet zur sofortigen Vernichtung aller ausgedruckten oder heruntergeladenen Inhalte. Die Geltendmachung weiterer Schadensersatzanspr\u00fcche beh\u00e4lt sich Swiss Casinos vor.<\/span><\/p>\n<\/div><div class=\"fusion-title title fusion-title-4 fusion-sep-none fusion-title-center fusion-title-text fusion-title-size-one\"><h1 class=\"fusion-title-heading title-heading-center\" style=\"margin:0;\">In&shy;ter&shy;net-Links<\/h1><\/div><div class=\"fusion-text fusion-text-4\"><p style=\"margin-top: 0cm; background: white;\"><span style=\"font-family: Montserrat; color: #202020;\">Die Website enth\u00e4lt weiterf\u00fchrende Links zu Webseiten anderer Anbieter und Informationsquellen. F\u00fcr fremde Inhalte, die \u00fcber solche Links erreichbar sind, und daraus entstehende bzw. geltend gemachte Anspr\u00fcche oder Forderungen lehnen wir jegliche Verantwortung und Haftung ab.<\/span><\/p>\n<\/div><div class=\"fusion-title title fusion-title-5 fusion-sep-none fusion-title-center fusion-title-text fusion-title-size-one\"><h1 class=\"fusion-title-heading title-heading-center\" style=\"margin:0;\">Down&shy;load von In&shy;for&shy;ma&shy;tio&shy;nen und Da&shy;teien<\/h1><\/div><div class=\"fusion-text fusion-text-5\"><p style=\"margin-top: 0cm; background: white;\"><span style=\"font-family: Montserrat; color: #202020;\">Swiss Casinos stellt f\u00fcr besondere Zwecke Dateien zum Download bereit. Dieser Download erfolgt auf eigene Gefahr. Wir haften nicht f\u00fcr Sch\u00e4den, die durch die Installation bzw.\u00a0 die Nutzung von heruntergeladenen Daten und Informationen verursacht werden.<\/span><\/p>\n<\/div><div class=\"fusion-title title fusion-title-6 fusion-sep-none fusion-title-center fusion-title-text fusion-title-size-one\"><h1 class=\"fusion-title-heading title-heading-center\" style=\"margin:0;\">Hin&shy;wei&shy;se zum Da&shy;ten&shy;schutz<\/h1><\/div><div class=\"fusion-text fusion-text-6\"><p>Die uns via Kontaktformular, Bewerbungsformular etc. zur Verf\u00fcgung gestellten personenbezogenen Daten werden unter Beachtung der geltenden Datenschutzvorschriften in unserem System gespeichert und ausschliesslich f\u00fcr die auf dieser Seite genannten Zwecke genutzt. Ihre personenbezogenen Daten verwenden wir f\u00fcr die Beantwortung Ihrer Anfrage, zur Bearbeitung Ihres Auftrages resp. Ihrer Bewerbung oder, um Ihnen Zugang zu speziellen Informationen und Angeboten zu verschaffen. Wir wahren die Vertraulichkeit Ihrer Daten und werden diese ohne Ihre ausdr\u00fcckliche Einwilligung keinesfalls einer Drittpartei weitergeben. In diesem Zusammenhang verweisen wir Sie auch auf die\u00a0<a href=\"https:\/\/spielerschutz.swisscasinos.ch\/de\/datenschutz\/\"><strong>Datenschutzpolitik<\/strong><\/a>\u00a0von Swiss Casinos.<\/p>\n<\/div><\/div><\/div><\/div><\/div>\n","protected":false},"excerpt":{"rendered":"","protected":false},"author":1,"featured_media":0,"parent":0,"menu_order":0,"comment_status":"closed","ping_status":"closed","template":"100-width.php","meta":{"footnotes":""},"class_list":["post-33","page","type-page","status-publish","hentry"],"yoast_head":"<!-- This site is optimized with the Yoast SEO plugin v27.4 - https:\/\/yoast.com\/product\/yoast-seo-wordpress\/ -->\n<title>Recht&shy;li&shy;che Hin&shy;wei&shy;se - Spielerschutz<\/title>\n<meta name=\"robots\" content=\"index, follow, max-snippet:-1, max-image-preview:large, max-video-preview:-1\" \/>\n<link rel=\"canonical\" href=\"https:\/\/spielerschutz.swisscasinos.ch\/de\/rechtliche-hinweise\/\" \/>\n<meta property=\"og:locale\" content=\"de_DE\" \/>\n<meta property=\"og:type\" content=\"article\" \/>\n<meta property=\"og:title\" content=\"Recht&shy;li&shy;che Hin&shy;wei&shy;se - Spielerschutz\" \/>\n<meta property=\"og:url\" content=\"https:\/\/spielerschutz.swisscasinos.ch\/de\/rechtliche-hinweise\/\" \/>\n<meta property=\"og:site_name\" content=\"Spielerschutz\" \/>\n<meta property=\"article:modified_time\" content=\"2022-05-09T09:21:19+00:00\" \/>\n<meta name=\"twitter:card\" content=\"summary_large_image\" \/>\n<meta name=\"twitter:label1\" content=\"Gesch\u00e4tzte Lesezeit\" \/>\n\t<meta name=\"twitter:data1\" content=\"4\u00a0Minuten\" \/>\n<script type=\"application\/ld+json\" class=\"yoast-schema-graph\">{\"@context\":\"https:\\\/\\\/schema.org\",\"@graph\":[{\"@type\":\"WebPage\",\"@id\":\"https:\\\/\\\/spielerschutz.swisscasinos.ch\\\/de\\\/rechtliche-hinweise\\\/\",\"url\":\"https:\\\/\\\/spielerschutz.swisscasinos.ch\\\/de\\\/rechtliche-hinweise\\\/\",\"name\":\"Recht&shy;li&shy;che Hin&shy;wei&shy;se - Spielerschutz\",\"isPartOf\":{\"@id\":\"https:\\\/\\\/spielerschutz.swisscasinos.ch\\\/de\\\/#website\"},\"datePublished\":\"2020-09-14T11:32:40+00:00\",\"dateModified\":\"2022-05-09T09:21:19+00:00\",\"breadcrumb\":{\"@id\":\"https:\\\/\\\/spielerschutz.swisscasinos.ch\\\/de\\\/rechtliche-hinweise\\\/#breadcrumb\"},\"inLanguage\":\"de\",\"potentialAction\":[{\"@type\":\"ReadAction\",\"target\":[\"https:\\\/\\\/spielerschutz.swisscasinos.ch\\\/de\\\/rechtliche-hinweise\\\/\"]}]},{\"@type\":\"BreadcrumbList\",\"@id\":\"https:\\\/\\\/spielerschutz.swisscasinos.ch\\\/de\\\/rechtliche-hinweise\\\/#breadcrumb\",\"itemListElement\":[{\"@type\":\"ListItem\",\"position\":1,\"name\":\"Startseite\",\"item\":\"https:\\\/\\\/spielerschutz.swisscasinos.ch\\\/de\\\/\"},{\"@type\":\"ListItem\",\"position\":2,\"name\":\"Recht&shy;li&shy;che Hin&shy;wei&shy;se\"}]},{\"@type\":\"WebSite\",\"@id\":\"https:\\\/\\\/spielerschutz.swisscasinos.ch\\\/de\\\/#website\",\"url\":\"https:\\\/\\\/spielerschutz.swisscasinos.ch\\\/de\\\/\",\"name\":\"Spielerschutz\",\"description\":\"Swiss Casinos\",\"potentialAction\":[{\"@type\":\"SearchAction\",\"target\":{\"@type\":\"EntryPoint\",\"urlTemplate\":\"https:\\\/\\\/spielerschutz.swisscasinos.ch\\\/de\\\/?s={search_term_string}\"},\"query-input\":{\"@type\":\"PropertyValueSpecification\",\"valueRequired\":true,\"valueName\":\"search_term_string\"}}],\"inLanguage\":\"de\"}]}<\/script>\n<!-- \/ Yoast SEO plugin. -->","yoast_head_json":{"title":"Recht&shy;li&shy;che Hin&shy;wei&shy;se - Spielerschutz","robots":{"index":"index","follow":"follow","max-snippet":"max-snippet:-1","max-image-preview":"max-image-preview:large","max-video-preview":"max-video-preview:-1"},"canonical":"https:\/\/spielerschutz.swisscasinos.ch\/de\/rechtliche-hinweise\/","og_locale":"de_DE","og_type":"article","og_title":"Recht&shy;li&shy;che Hin&shy;wei&shy;se - Spielerschutz","og_url":"https:\/\/spielerschutz.swisscasinos.ch\/de\/rechtliche-hinweise\/","og_site_name":"Spielerschutz","article_modified_time":"2022-05-09T09:21:19+00:00","twitter_card":"summary_large_image","twitter_misc":{"Gesch\u00e4tzte Lesezeit":"4\u00a0Minuten"},"schema":{"@context":"https:\/\/schema.org","@graph":[{"@type":"WebPage","@id":"https:\/\/spielerschutz.swisscasinos.ch\/de\/rechtliche-hinweise\/","url":"https:\/\/spielerschutz.swisscasinos.ch\/de\/rechtliche-hinweise\/","name":"Recht&shy;li&shy;che Hin&shy;wei&shy;se - Spielerschutz","isPartOf":{"@id":"https:\/\/spielerschutz.swisscasinos.ch\/de\/#website"},"datePublished":"2020-09-14T11:32:40+00:00","dateModified":"2022-05-09T09:21:19+00:00","breadcrumb":{"@id":"https:\/\/spielerschutz.swisscasinos.ch\/de\/rechtliche-hinweise\/#breadcrumb"},"inLanguage":"de","potentialAction":[{"@type":"ReadAction","target":["https:\/\/spielerschutz.swisscasinos.ch\/de\/rechtliche-hinweise\/"]}]},{"@type":"BreadcrumbList","@id":"https:\/\/spielerschutz.swisscasinos.ch\/de\/rechtliche-hinweise\/#breadcrumb","itemListElement":[{"@type":"ListItem","position":1,"name":"Startseite","item":"https:\/\/spielerschutz.swisscasinos.ch\/de\/"},{"@type":"ListItem","position":2,"name":"Recht&shy;li&shy;che Hin&shy;wei&shy;se"}]},{"@type":"WebSite","@id":"https:\/\/spielerschutz.swisscasinos.ch\/de\/#website","url":"https:\/\/spielerschutz.swisscasinos.ch\/de\/","name":"Spielerschutz","description":"Swiss Casinos","potentialAction":[{"@type":"SearchAction","target":{"@type":"EntryPoint","urlTemplate":"https:\/\/spielerschutz.swisscasinos.ch\/de\/?s={search_term_string}"},"query-input":{"@type":"PropertyValueSpecification","valueRequired":true,"valueName":"search_term_string"}}],"inLanguage":"de"}]}},"_links":{"self":[{"href":"https:\/\/spielerschutz.swisscasinos.ch\/de\/wp-json\/wp\/v2\/pages\/33","targetHints":{"allow":["GET"]}}],"collection":[{"href":"https:\/\/spielerschutz.swisscasinos.ch\/de\/wp-json\/wp\/v2\/pages"}],"about":[{"href":"https:\/\/spielerschutz.swisscasinos.ch\/de\/wp-json\/wp\/v2\/types\/page"}],"author":[{"embeddable":true,"href":"https:\/\/spielerschutz.swisscasinos.ch\/de\/wp-json\/wp\/v2\/users\/1"}],"replies":[{"embeddable":true,"href":"https:\/\/spielerschutz.swisscasinos.ch\/de\/wp-json\/wp\/v2\/comments?post=33"}],"version-history":[{"count":11,"href":"https:\/\/spielerschutz.swisscasinos.ch\/de\/wp-json\/wp\/v2\/pages\/33\/revisions"}],"predecessor-version":[{"id":2715,"href":"https:\/\/spielerschutz.swisscasinos.ch\/de\/wp-json\/wp\/v2\/pages\/33\/revisions\/2715"}],"wp:attachment":[{"href":"https:\/\/spielerschutz.swisscasinos.ch\/de\/wp-json\/wp\/v2\/media?parent=33"}],"curies":[{"name":"wp","href":"https:\/\/api.w.org\/{rel}","templated":true}]}}