{"id":1960,"date":"2021-09-02T07:25:52","date_gmt":"2021-09-02T07:25:52","guid":{"rendered":"https:\/\/wordpress.spielerschutz.ch\/?page_id=1960"},"modified":"2022-05-13T09:51:54","modified_gmt":"2022-05-13T07:51:54","slug":"mentions-legales","status":"publish","type":"page","link":"https:\/\/spielerschutz.swisscasinos.ch\/fr\/mentions-legales\/","title":{"rendered":"Men&shy;tions l\u00e9&shy;gales"},"content":{"rendered":"<div class=\"fusion-fullwidth fullwidth-box fusion-builder-row-1 fusion-flex-container nonhundred-percent-fullwidth non-hundred-percent-height-scrolling\" style=\"--awb-border-radius-top-left:0px;--awb-border-radius-top-right:0px;--awb-border-radius-bottom-right:0px;--awb-border-radius-bottom-left:0px;--awb-padding-top:90px;--awb-padding-bottom:90px;--awb-padding-top-small:60px;--awb-flex-wrap:wrap;\" ><div class=\"fusion-builder-row fusion-row fusion-flex-align-items-flex-start fusion-flex-content-wrap\" style=\"max-width:1248px;margin-left: calc(-4% \/ 2 );margin-right: calc(-4% \/ 2 );\"><div class=\"fusion-layout-column fusion_builder_column fusion-builder-column-0 fusion_builder_column_1_1 1_1 fusion-flex-column\" style=\"--awb-bg-size:cover;--awb-width-large:100%;--awb-margin-top-large:0px;--awb-spacing-right-large:1.92%;--awb-margin-bottom-large:20px;--awb-spacing-left-large:1.92%;--awb-width-medium:100%;--awb-order-medium:0;--awb-spacing-right-medium:1.92%;--awb-spacing-left-medium:1.92%;--awb-width-small:100%;--awb-order-small:0;--awb-spacing-right-small:1.92%;--awb-spacing-left-small:1.92%;\"><div class=\"fusion-column-wrapper fusion-column-has-shadow fusion-flex-justify-content-flex-start fusion-content-layout-column\"><div class=\"fusion-title title fusion-title-1 fusion-sep-none fusion-title-center fusion-title-text fusion-title-size-one\"><h1 class=\"fusion-title-heading title-heading-center\" style=\"margin:0;\">In&shy;tro&shy;duc&shy;tion<\/h1><\/div><div class=\"fusion-text fusion-text-1\"><p style=\"margin-top: 0cm; background: white;\"><span style=\"font-family: Montserrat; color: #202020;\">En acc\u00e9dant \u00e0 ce site Web et \u00e0 ses pages, vous acceptez les conditions suivantes. Si vous ne les acceptez pas, veuillez vous abstenir de consulter ce site Web et ses pages (ci-apr\u00e8s \u00ab\u00a0site Web\u00a0\u00bb).<\/span><\/p>\n<\/div><div class=\"fusion-title title fusion-title-2 fusion-sep-none fusion-title-center fusion-title-text fusion-title-size-one\"><h1 class=\"fusion-title-heading title-heading-center\" style=\"margin:0;\">Clau&shy;se de non-&shy;res&shy;pon&shy;sa&shy;bi&shy;li&shy;t\u00e9<\/h1><\/div><div class=\"fusion-text fusion-text-2\"><p style=\"margin-top: 0cm; background: white;\"><span style=\"font-family: Montserrat; color: #202020;\">Les informations du pr\u00e9sent site Web ont \u00e9t\u00e9 r\u00e9dig\u00e9es avec le plus grand soin. Nous d\u00e9clinons n\u00e9anmoins toute garantie concernant leur exhaustivit\u00e9 ou leur pertinence pour toute utilisation ult\u00e9rieure qu\u2019en fera l\u2019utilisateur. Toutes les d\u00e9clarations sont sous r\u00e9serve de modifications pouvant survenir \u00e0 tout moment. Swiss Casinos d\u00e9cline toute responsabilit\u00e9 quant \u00e0 l\u2019exhaustivit\u00e9, l\u2019exactitude et au caract\u00e8re actuel des contenus.<\/span><\/p>\n<\/div><div class=\"fusion-title title fusion-title-3 fusion-sep-none fusion-title-center fusion-title-text fusion-title-size-one\"><h1 class=\"fusion-title-heading title-heading-center\" style=\"margin:0;\">Con&shy;di&shy;ti&shy;ons d\u2019uti&shy;li&shy;sa&shy;tion<\/h1><\/div><div class=\"fusion-text fusion-text-3\"><p style=\"margin-top: 0cm; background: white;\"><span style=\"font-family: Montserrat; color: #202020;\">Les contenus de ce site Web, notamment les images, sont prot\u00e9g\u00e9s par le droit d\u2019auteur. Le t\u00e9l\u00e9chargement des contenus de ces sites Internet ne peut \u00eatre utilis\u00e9 que pour un usage strictement priv\u00e9 et non commercial. Ils ne peuvent \u00eatre utilis\u00e9s sur aucun autre site Internet ou syst\u00e8me informatique sans l\u2019autorisation \u00e9crite de Swiss Casinos et ce, m\u00eame s\u2019ils ont \u00e9t\u00e9 modifi\u00e9s. Il est \u00e9galement interdit de reproduire ou d\u2019exploiter de toute autre mani\u00e8re les contenus \u00e0 des fins publiques ou commerciales sans accord \u00e9crit. Toute violation des pr\u00e9sentes conditions sera sanctionn\u00e9e et s\u2019accompagnera d\u2019une obligation de destruction imm\u00e9diate de tous les contenus imprim\u00e9s ou t\u00e9l\u00e9charg\u00e9s. Swiss Casinos se r\u00e9serve le droit de faire valoir d\u2019autres demandes d\u2019indemnisation.<\/span><\/p>\n<\/div><div class=\"fusion-title title fusion-title-4 fusion-sep-none fusion-title-center fusion-title-text fusion-title-size-one\"><h1 class=\"fusion-title-heading title-heading-center\" style=\"margin:0;\">Liens In&shy;ter&shy;net<\/h1><\/div><div class=\"fusion-text fusion-text-4\"><p style=\"margin-top: 0cm; background: white;\"><span style=\"font-family: Montserrat; color: #202020;\">Le site Web contient des liens qui redirigent l\u2019utilisateur vers des sites Internet d\u2019autres fournisseurs et vers d\u2019autres sources d\u2019information. Nous d\u00e9clinons toute responsabilit\u00e9 pour les contenus \u00e9trangers accessibles par le biais de ces liens et pour les r\u00e9clamations ou les exigences qui en d\u00e9coulent ou qui sont exerc\u00e9es.<\/span><\/p>\n<\/div><div class=\"fusion-title title fusion-title-5 fusion-sep-none fusion-title-center fusion-title-text fusion-title-size-one\"><h1 class=\"fusion-title-heading title-heading-center\" style=\"margin:0;\">T\u00e9&shy;l\u00e9&shy;char&shy;ge&shy;ment d\u2019in&shy;for&shy;ma&shy;tions et de fic&shy;hiers<\/h1><\/div><div class=\"fusion-text fusion-text-5\"><p style=\"margin-top: 0cm; background: white;\"><span style=\"font-family: Montserrat; color: #202020;\">Swiss Casinos met \u00e0 disposition des fichiers \u00e0 t\u00e9l\u00e9charger \u00e0 des fins sp\u00e9cifiques. Ce t\u00e9l\u00e9chargement se fait aux risques et p\u00e9rils de l\u2019utilisateur. Nous d\u00e9clinons toute responsabilit\u00e9 pour les dommages qui pourraient r\u00e9sulter de l\u2019installation et\/ou de l\u2019utilisation de donn\u00e9es et d\u2019informations t\u00e9l\u00e9charg\u00e9es.<\/span><\/p>\n<\/div><div class=\"fusion-title title fusion-title-6 fusion-sep-none fusion-title-center fusion-title-text fusion-title-size-one\"><h1 class=\"fusion-title-heading title-heading-center\" style=\"margin:0;\">Aver&shy;tis&shy;se&shy;ment re&shy;la&shy;tif \u00e0 la pro&shy;tec&shy;tion des don&shy;n\u00e9&shy;es<\/h1><\/div><div class=\"fusion-text fusion-text-6\"><p>Les donn\u00e9es personnelles mises \u00e0 notre disposition via le formulaire de contact, le formulaire de candidature, etc. sont sauvegard\u00e9es dans notre syst\u00e8me dans le respect des dispositions encadrant la protection des donn\u00e9es et ne sont utilis\u00e9es qu\u2019aux fins \u00e9voqu\u00e9es sur ce site. Nous utilisons vos donn\u00e9es personnelles pour r\u00e9pondre \u00e0 vos demandes, traiter vos commandes ou vos candidatures ou encore pour vous permettre d\u2019acc\u00e9der \u00e0 des informations et \u00e0 des offres sp\u00e9ciales. Nous pr\u00e9servons la confidentialit\u00e9 de vos donn\u00e9es et nous ne les transmettons en aucun cas \u00e0 des tiers sans autorisation explicite de votre part. A ce sujet, nous vous renvoyons \u00e0 la <strong><a href=\"https:\/\/spielerschutz.swisscasinos.ch\/fr\/protection-des-donnees\/\">politique en mati\u00e8re de protection des donn\u00e9es<\/a><\/strong>\u00a0de Swiss\u00a0Casinos.<\/p>\n<\/div><\/div><\/div><\/div><\/div>\n","protected":false},"excerpt":{"rendered":"","protected":false},"author":2,"featured_media":0,"parent":0,"menu_order":0,"comment_status":"closed","ping_status":"closed","template":"100-width.php","meta":{"footnotes":""},"class_list":["post-1960","page","type-page","status-publish","hentry"],"yoast_head":"<!-- This site is optimized with the Yoast SEO plugin v27.4 - https:\/\/yoast.com\/product\/yoast-seo-wordpress\/ -->\n<title>Men&shy;tions l\u00e9&shy;gales - Spielerschutz<\/title>\n<meta name=\"robots\" content=\"index, follow, max-snippet:-1, max-image-preview:large, max-video-preview:-1\" \/>\n<link rel=\"canonical\" href=\"https:\/\/spielerschutz.swisscasinos.ch\/fr\/mentions-legales\/\" \/>\n<meta property=\"og:locale\" content=\"fr_FR\" \/>\n<meta property=\"og:type\" content=\"article\" \/>\n<meta property=\"og:title\" content=\"Men&shy;tions l\u00e9&shy;gales - Spielerschutz\" \/>\n<meta property=\"og:url\" content=\"https:\/\/spielerschutz.swisscasinos.ch\/fr\/mentions-legales\/\" \/>\n<meta property=\"og:site_name\" content=\"Spielerschutz\" \/>\n<meta property=\"article:modified_time\" content=\"2022-05-13T07:51:54+00:00\" \/>\n<meta name=\"twitter:card\" content=\"summary_large_image\" \/>\n<meta name=\"twitter:label1\" content=\"Dur\u00e9e de lecture estim\u00e9e\" \/>\n\t<meta name=\"twitter:data1\" content=\"8 minutes\" \/>\n<script type=\"application\/ld+json\" class=\"yoast-schema-graph\">{\"@context\":\"https:\\\/\\\/schema.org\",\"@graph\":[{\"@type\":\"WebPage\",\"@id\":\"https:\\\/\\\/spielerschutz.swisscasinos.ch\\\/fr\\\/mentions-legales\\\/\",\"url\":\"https:\\\/\\\/spielerschutz.swisscasinos.ch\\\/fr\\\/mentions-legales\\\/\",\"name\":\"Men&shy;tions l\u00e9&shy;gales - Spielerschutz\",\"isPartOf\":{\"@id\":\"https:\\\/\\\/spielerschutz.swisscasinos.ch\\\/fr\\\/#website\"},\"datePublished\":\"2021-09-02T07:25:52+00:00\",\"dateModified\":\"2022-05-13T07:51:54+00:00\",\"breadcrumb\":{\"@id\":\"https:\\\/\\\/spielerschutz.swisscasinos.ch\\\/fr\\\/mentions-legales\\\/#breadcrumb\"},\"inLanguage\":\"fr-FR\",\"potentialAction\":[{\"@type\":\"ReadAction\",\"target\":[\"https:\\\/\\\/spielerschutz.swisscasinos.ch\\\/fr\\\/mentions-legales\\\/\"]}]},{\"@type\":\"BreadcrumbList\",\"@id\":\"https:\\\/\\\/spielerschutz.swisscasinos.ch\\\/fr\\\/mentions-legales\\\/#breadcrumb\",\"itemListElement\":[{\"@type\":\"ListItem\",\"position\":1,\"name\":\"Startseite\",\"item\":\"https:\\\/\\\/spielerschutz.swisscasinos.ch\\\/fr\\\/\"},{\"@type\":\"ListItem\",\"position\":2,\"name\":\"Men&shy;tions l\u00e9&shy;gales\"}]},{\"@type\":\"WebSite\",\"@id\":\"https:\\\/\\\/spielerschutz.swisscasinos.ch\\\/fr\\\/#website\",\"url\":\"https:\\\/\\\/spielerschutz.swisscasinos.ch\\\/fr\\\/\",\"name\":\"Spielerschutz\",\"description\":\"Swiss Casinos\",\"potentialAction\":[{\"@type\":\"SearchAction\",\"target\":{\"@type\":\"EntryPoint\",\"urlTemplate\":\"https:\\\/\\\/spielerschutz.swisscasinos.ch\\\/fr\\\/?s={search_term_string}\"},\"query-input\":{\"@type\":\"PropertyValueSpecification\",\"valueRequired\":true,\"valueName\":\"search_term_string\"}}],\"inLanguage\":\"fr-FR\"}]}<\/script>\n<!-- \/ Yoast SEO plugin. -->","yoast_head_json":{"title":"Men&shy;tions l\u00e9&shy;gales - Spielerschutz","robots":{"index":"index","follow":"follow","max-snippet":"max-snippet:-1","max-image-preview":"max-image-preview:large","max-video-preview":"max-video-preview:-1"},"canonical":"https:\/\/spielerschutz.swisscasinos.ch\/fr\/mentions-legales\/","og_locale":"fr_FR","og_type":"article","og_title":"Men&shy;tions l\u00e9&shy;gales - Spielerschutz","og_url":"https:\/\/spielerschutz.swisscasinos.ch\/fr\/mentions-legales\/","og_site_name":"Spielerschutz","article_modified_time":"2022-05-13T07:51:54+00:00","twitter_card":"summary_large_image","twitter_misc":{"Dur\u00e9e de lecture estim\u00e9e":"8 minutes"},"schema":{"@context":"https:\/\/schema.org","@graph":[{"@type":"WebPage","@id":"https:\/\/spielerschutz.swisscasinos.ch\/fr\/mentions-legales\/","url":"https:\/\/spielerschutz.swisscasinos.ch\/fr\/mentions-legales\/","name":"Men&shy;tions l\u00e9&shy;gales - Spielerschutz","isPartOf":{"@id":"https:\/\/spielerschutz.swisscasinos.ch\/fr\/#website"},"datePublished":"2021-09-02T07:25:52+00:00","dateModified":"2022-05-13T07:51:54+00:00","breadcrumb":{"@id":"https:\/\/spielerschutz.swisscasinos.ch\/fr\/mentions-legales\/#breadcrumb"},"inLanguage":"fr-FR","potentialAction":[{"@type":"ReadAction","target":["https:\/\/spielerschutz.swisscasinos.ch\/fr\/mentions-legales\/"]}]},{"@type":"BreadcrumbList","@id":"https:\/\/spielerschutz.swisscasinos.ch\/fr\/mentions-legales\/#breadcrumb","itemListElement":[{"@type":"ListItem","position":1,"name":"Startseite","item":"https:\/\/spielerschutz.swisscasinos.ch\/fr\/"},{"@type":"ListItem","position":2,"name":"Men&shy;tions l\u00e9&shy;gales"}]},{"@type":"WebSite","@id":"https:\/\/spielerschutz.swisscasinos.ch\/fr\/#website","url":"https:\/\/spielerschutz.swisscasinos.ch\/fr\/","name":"Spielerschutz","description":"Swiss Casinos","potentialAction":[{"@type":"SearchAction","target":{"@type":"EntryPoint","urlTemplate":"https:\/\/spielerschutz.swisscasinos.ch\/fr\/?s={search_term_string}"},"query-input":{"@type":"PropertyValueSpecification","valueRequired":true,"valueName":"search_term_string"}}],"inLanguage":"fr-FR"}]}},"_links":{"self":[{"href":"https:\/\/spielerschutz.swisscasinos.ch\/fr\/wp-json\/wp\/v2\/pages\/1960","targetHints":{"allow":["GET"]}}],"collection":[{"href":"https:\/\/spielerschutz.swisscasinos.ch\/fr\/wp-json\/wp\/v2\/pages"}],"about":[{"href":"https:\/\/spielerschutz.swisscasinos.ch\/fr\/wp-json\/wp\/v2\/types\/page"}],"author":[{"embeddable":true,"href":"https:\/\/spielerschutz.swisscasinos.ch\/fr\/wp-json\/wp\/v2\/users\/2"}],"replies":[{"embeddable":true,"href":"https:\/\/spielerschutz.swisscasinos.ch\/fr\/wp-json\/wp\/v2\/comments?post=1960"}],"version-history":[{"count":8,"href":"https:\/\/spielerschutz.swisscasinos.ch\/fr\/wp-json\/wp\/v2\/pages\/1960\/revisions"}],"predecessor-version":[{"id":2725,"href":"https:\/\/spielerschutz.swisscasinos.ch\/fr\/wp-json\/wp\/v2\/pages\/1960\/revisions\/2725"}],"wp:attachment":[{"href":"https:\/\/spielerschutz.swisscasinos.ch\/fr\/wp-json\/wp\/v2\/media?parent=1960"}],"curies":[{"name":"wp","href":"https:\/\/api.w.org\/{rel}","templated":true}]}}