{"id":1966,"date":"2021-09-02T07:25:28","date_gmt":"2021-09-02T07:25:28","guid":{"rendered":"https:\/\/wordpress.spielerschutz.ch\/?page_id=1966"},"modified":"2022-07-11T11:22:53","modified_gmt":"2022-07-11T09:22:53","slug":"jeux-dargent","status":"publish","type":"page","link":"https:\/\/spielerschutz.swisscasinos.ch\/fr\/jeux-dargent\/","title":{"rendered":"Jeux d\u2019ar&shy;gent"},"content":{"rendered":"<p><div class=\"fusion-fullwidth fullwidth-box fusion-builder-row-1 fusion-flex-container nonhundred-percent-fullwidth non-hundred-percent-height-scrolling\" style=\"--awb-border-radius-top-left:0px;--awb-border-radius-top-right:0px;--awb-border-radius-bottom-right:0px;--awb-border-radius-bottom-left:0px;--awb-padding-top:50px;--awb-padding-top-small:60px;--awb-flex-wrap:wrap;\" ><div class=\"fusion-builder-row fusion-row fusion-flex-align-items-stretch fusion-flex-justify-content-center fusion-flex-content-wrap\" style=\"max-width:1248px;margin-left: calc(-4% \/ 2 );margin-right: calc(-4% \/ 2 );\"><div class=\"fusion-layout-column fusion_builder_column fusion-builder-column-0 fusion_builder_column_1_1 1_1 fusion-flex-column fusion-flex-align-self-center fusion-animated\" style=\"--awb-padding-right:150px;--awb-padding-left:150px;--awb-padding-right-small:0px;--awb-padding-left-small:0px;--awb-bg-size:cover;--awb-width-large:100%;--awb-margin-top-large:0px;--awb-spacing-right-large:1.92%;--awb-margin-bottom-large:20px;--awb-spacing-left-large:1.92%;--awb-width-medium:100%;--awb-order-medium:0;--awb-spacing-right-medium:1.92%;--awb-spacing-left-medium:1.92%;--awb-width-small:100%;--awb-order-small:0;--awb-spacing-right-small:1.92%;--awb-spacing-left-small:1.92%;\" data-animationType=\"fadeInLeft\" data-animationDuration=\"1.0\" data-animationOffset=\"top-into-view\"><div class=\"fusion-column-wrapper fusion-column-has-shadow fusion-flex-justify-content-flex-start fusion-content-layout-column\"><div class=\"fusion-title title fusion-title-1 fusion-sep-none fusion-title-center fusion-title-text fusion-title-size-three\"><h3 class=\"fusion-title-heading title-heading-center\" style=\"margin:0;\">Jouer fait partie de la vie<\/h3><\/div><div class=\"fusion-title title fusion-title-2 fusion-no-small-visibility fusion-sep-none fusion-title-center fusion-title-rotating fusion-loop-on fusion-title-clipIn fusion-title-size-one\" style=\"--awb-margin-top:-10px;--awb-margin-bottom:30px;\"><h1 class=\"fusion-title-heading title-heading-center\" style=\"margin:0;letter-spacing:-1px;\"><span class=\"fusion-animated-text-prefix\"><\/span> <span class=\"fusion-animated-texts-wrapper\" style=\"text-align: center;\" data-length=\"line\" data-minDisplayTime=\"1200\"><span class=\"fusion-animated-texts\"><span data-in-effect=\"clipIn\" class=\"fusion-animated-text\" data-in-sequence=\"true\" data-out-reverse=\"true\" data-out-effect=\"clipOut\">Vous devez \u00e9galement savoir cela<\/span><\/span><\/span> <span class=\"fusion-animated-text-postfix\"><\/span><\/h1><\/div><div class=\"fusion-title title fusion-title-3 fusion-no-medium-visibility fusion-no-large-visibility fusion-sep-none fusion-title-center fusion-title-text fusion-title-size-one\" style=\"--awb-margin-top:-10px;--awb-margin-bottom:30px;\"><h1 class=\"fusion-title-heading title-heading-center\" style=\"margin:0;letter-spacing:-1px;\"><p style=\"text-align: center;\">Vous de&shy;vez \u00e9ga&shy;le&shy;ment sa&shy;voir ce&shy;la<\/p><\/h1><\/div><div class=\"fusion-text fusion-text-1\" style=\"--awb-content-alignment:center;--awb-font-size:18px;--awb-text-color:#5b636c;\"><p>Pour que les jeux de hasard restent une source de plaisir \u00e0 long terme, vous devez jouer de mani\u00e8re responsable. D\u00e9couvrez ici ce \u00e0 quoi il convient de faire attention et ce que vous pouvez faire si vous suspectez qu\u2019un proche ou qu\u2019une connaissance souffre d\u2019une d\u00e9pendance au jeu.<\/p>\n<\/div><\/div><\/div><\/div><\/div><div class=\"fusion-fullwidth fullwidth-box fusion-builder-row-2 fusion-flex-container hundred-percent-fullwidth non-hundred-percent-height-scrolling\" style=\"--awb-border-radius-top-left:0px;--awb-border-radius-top-right:0px;--awb-border-radius-bottom-right:0px;--awb-border-radius-bottom-left:0px;--awb-overflow:visible;--awb-padding-top:0px;--awb-padding-right:40px;--awb-padding-bottom:0px;--awb-padding-left:40px;--awb-background-color:#f4f3f0;--awb-flex-wrap:wrap;\" ><div class=\"fusion-builder-row fusion-row fusion-flex-align-items-flex-start fusion-flex-content-wrap\" style=\"width:104% !important;max-width:104% !important;margin-left: calc(-4% \/ 2 );margin-right: calc(-4% \/ 2 );\"><div class=\"fusion-layout-column fusion_builder_column fusion-builder-column-1 fusion_builder_column_1_1 1_1 fusion-flex-column\" style=\"--awb-bg-size:cover;--awb-width-large:100%;--awb-margin-top-large:0px;--awb-spacing-right-large:1.92%;--awb-margin-bottom-large:20px;--awb-spacing-left-large:1.92%;--awb-width-medium:100%;--awb-order-medium:0;--awb-spacing-right-medium:1.92%;--awb-spacing-left-medium:1.92%;--awb-width-small:100%;--awb-order-small:0;--awb-spacing-right-small:1.92%;--awb-spacing-left-small:1.92%;\"><div class=\"fusion-column-wrapper fusion-column-has-shadow fusion-flex-justify-content-flex-start fusion-content-layout-column\"><div class=\"fusion-section-separator section-separator slant fusion-section-separator-1\" style=\"--awb-spacer-height:99px;--awb-svg-margin-left:1.92%;--awb-svg-margin-right:1.92%;--awb-svg-margin-left-medium:1.92%;--awb-svg-margin-right-medium:1.92%;--awb-svg-margin-left-small:1.92%;--awb-svg-margin-right-small:1.92%;--awb-divider-height:99px;--awb-spacer-padding-top:inherit;--awb-sep-padding:0;--awb-svg-padding:0;\"><div class=\"fusion-section-separator-svg\"><svg class=\"fusion-slant-candy\" xmlns=\"http:\/\/www.w3.org\/2000\/svg\" version=\"1.1\" width=\"100%\" height=\"100\" viewBox=\"0 0 100 100\" preserveAspectRatio=\"none\" fill=\"rgba(255,255,255,1)\"><path d=\"M0 100 L0 0 L100 0 Z\"><\/path><\/svg><\/div><div class=\"fusion-section-separator-spacer\"><div class=\"fusion-section-separator-spacer-height\"><\/div><\/div><\/div><\/div><\/div><\/div><\/div><div class=\"fusion-fullwidth fullwidth-box fusion-builder-row-3 fusion-flex-container nonhundred-percent-fullwidth non-hundred-percent-height-scrolling\" style=\"--awb-border-radius-top-left:0px;--awb-border-radius-top-right:0px;--awb-border-radius-bottom-right:0px;--awb-border-radius-bottom-left:0px;--awb-padding-top:45px;--awb-padding-bottom:70px;--awb-background-color:#f4f3f0;--awb-flex-wrap:wrap;\" ><div class=\"fusion-builder-row fusion-row fusion-flex-align-items-flex-start fusion-flex-content-wrap\" style=\"max-width:1248px;margin-left: calc(-4% \/ 2 );margin-right: calc(-4% \/ 2 );\"><div class=\"fusion-layout-column fusion_builder_column fusion-builder-column-2 fusion_builder_column_1_1 1_1 fusion-flex-column\" style=\"--awb-bg-size:cover;--awb-width-large:100%;--awb-margin-top-large:0px;--awb-spacing-right-large:1.92%;--awb-margin-bottom-large:20px;--awb-spacing-left-large:1.92%;--awb-width-medium:100%;--awb-order-medium:0;--awb-spacing-right-medium:1.92%;--awb-spacing-left-medium:1.92%;--awb-width-small:100%;--awb-order-small:0;--awb-spacing-right-small:1.92%;--awb-spacing-left-small:1.92%;\"><div class=\"fusion-column-wrapper fusion-column-has-shadow fusion-flex-justify-content-flex-start fusion-content-layout-column\"><div class=\"fusion-image-element \" style=\"text-align:center;--awb-margin-bottom:30px;--awb-caption-title-font-family:var(--h2_typography-font-family);--awb-caption-title-font-weight:var(--h2_typography-font-weight);--awb-caption-title-font-style:var(--h2_typography-font-style);--awb-caption-title-size:var(--h2_typography-font-size);--awb-caption-title-transform:var(--h2_typography-text-transform);--awb-caption-title-line-height:var(--h2_typography-line-height);--awb-caption-title-letter-spacing:var(--h2_typography-letter-spacing);\"><span class=\" fusion-imageframe imageframe-none imageframe-1 hover-type-none frontimg\"><img decoding=\"async\" width=\"1024\" height=\"686\" title=\"Spielerschutz_Illustrationen_Illu_SpielUmGeld\" src=\"http:\/\/spielerschutz.swisscasinos.ch\/wp-content\/uploads\/2021\/08\/Spielerschutz_Illustrationen_Illu_SpielUmGeld-1024x686.png\" alt class=\"img-responsive wp-image-1680\" srcset=\"https:\/\/spielerschutz.swisscasinos.ch\/wp-content\/uploads\/2021\/08\/Spielerschutz_Illustrationen_Illu_SpielUmGeld-200x134.png 200w, https:\/\/spielerschutz.swisscasinos.ch\/wp-content\/uploads\/2021\/08\/Spielerschutz_Illustrationen_Illu_SpielUmGeld-400x268.png 400w, https:\/\/spielerschutz.swisscasinos.ch\/wp-content\/uploads\/2021\/08\/Spielerschutz_Illustrationen_Illu_SpielUmGeld-600x402.png 600w, https:\/\/spielerschutz.swisscasinos.ch\/wp-content\/uploads\/2021\/08\/Spielerschutz_Illustrationen_Illu_SpielUmGeld-800x536.png 800w, https:\/\/spielerschutz.swisscasinos.ch\/wp-content\/uploads\/2021\/08\/Spielerschutz_Illustrationen_Illu_SpielUmGeld-1200x804.png 1200w, https:\/\/spielerschutz.swisscasinos.ch\/wp-content\/uploads\/2021\/08\/Spielerschutz_Illustrationen_Illu_SpielUmGeld.png 4488w\" sizes=\"(max-width: 640px) 100vw, 1200px\" \/><\/span><\/div><div class=\"fusion-title title fusion-title-4 fusion-sep-none fusion-title-center fusion-title-text fusion-title-size-one\"><h1 class=\"fusion-title-heading title-heading-center\" style=\"margin:0;\">Jeux d\u2019ar&shy;gent<\/h1><\/div><div class=\"fusion-title title fusion-title-5 fusion-sep-none fusion-title-center fusion-title-text fusion-title-size-four\"><h4 class=\"fusion-title-heading title-heading-center\" style=\"margin:0;\"><p style=\"text-align: center;\">Conseils relatifs aux jeux de hasard<\/p><\/h4><\/div><div class=\"fusion-text fusion-text-2\"><p>Pour que les jeux de hasard restent un plaisir, veillez \u00e0 ce qui suit lorsque vous visitez un casino ou un casino en ligne.<\/p>\n<ul>\n<li>Fixez-vous une limite maximale raisonnable pour les mises et ne la d\u00e9passez pas.<\/li>\n<li>Conservez l\u2019argent que vous souhaitez mettre en jeu, s\u00e9parez-le et n\u2019utilisez que celui-ci.<\/li>\n<li>En ligne, ne d\u00e9posez sur votre compte de joueur que le montant que vous souhaitez mettre en jeu.<\/li>\n<li>Faites des pauses de jeu r\u00e9guli\u00e8res. Vos chances de gagner sont les m\u00eames \u00e0 n\u2019importe quel moment.<\/li>\n<li>N\u2019oubliez pas\u00a0: malgr\u00e9 le taux de reversement \u00e9lev\u00e9, le gain financier auquel vous pouvez pr\u00e9tendre sur le long terme a plus de 90\u00a0% de chance d\u2019\u00eatre inf\u00e9rieur \u00e0 votre mise.<\/li>\n<li>R\u00e9jouissez-vous des petits gains et ramenez-les \u00e0 la maison. Lorsque vous avez l\u2019impression que la chance est de votre c\u00f4t\u00e9, ce n\u2019est jamais que le fruit du hasard.<\/li>\n<li>Ne tentez pas de regagner ce que vous avez perdu. Rien ne stipule que des gains soudains doivent suivre une s\u00e9rie de perte.<\/li>\n<li>On ne peut pas forcer le hasard.<\/li>\n<\/ul>\n<p>S\u2019il vous semble difficile voire impossible de suivre ces conseils, nous vous recommandons d\u2019arr\u00eater de jouer. Si vous n\u2019y parvenez pas de votre plein gr\u00e9, nous sommes l\u00e0 pour vous conseiller.<\/p>\n<\/div><\/div><\/div><\/div><\/div><div class=\"fusion-fullwidth fullwidth-box fusion-builder-row-4 fusion-flex-container hundred-percent-fullwidth non-hundred-percent-height-scrolling\" style=\"--awb-border-radius-top-left:0px;--awb-border-radius-top-right:0px;--awb-border-radius-bottom-right:0px;--awb-border-radius-bottom-left:0px;--awb-overflow:visible;--awb-padding-top:0px;--awb-padding-right:40px;--awb-padding-bottom:0px;--awb-padding-left:40px;--awb-flex-wrap:wrap;\" ><div class=\"fusion-builder-row fusion-row fusion-flex-align-items-flex-start fusion-flex-content-wrap\" style=\"width:104% !important;max-width:104% !important;margin-left: calc(-4% \/ 2 );margin-right: calc(-4% \/ 2 );\"><div class=\"fusion-layout-column fusion_builder_column fusion-builder-column-3 fusion_builder_column_1_1 1_1 fusion-flex-column\" style=\"--awb-bg-size:cover;--awb-width-large:100%;--awb-margin-top-large:0px;--awb-spacing-right-large:1.92%;--awb-margin-bottom-large:20px;--awb-spacing-left-large:1.92%;--awb-width-medium:100%;--awb-order-medium:0;--awb-spacing-right-medium:1.92%;--awb-spacing-left-medium:1.92%;--awb-width-small:100%;--awb-order-small:0;--awb-spacing-right-small:1.92%;--awb-spacing-left-small:1.92%;\"><div class=\"fusion-column-wrapper fusion-column-has-shadow fusion-flex-justify-content-flex-start fusion-content-layout-column\"><div class=\"fusion-section-separator section-separator slant fusion-section-separator-2\" style=\"--awb-spacer-height:99px;--awb-svg-margin-left:1.92%;--awb-svg-margin-right:1.92%;--awb-svg-margin-left-medium:1.92%;--awb-svg-margin-right-medium:1.92%;--awb-svg-margin-left-small:1.92%;--awb-svg-margin-right-small:1.92%;--awb-divider-height:99px;--awb-spacer-padding-top:inherit;--awb-sep-padding:0;--awb-svg-padding:0;\"><div class=\"fusion-section-separator-svg\"><svg class=\"fusion-slant-candy\" xmlns=\"http:\/\/www.w3.org\/2000\/svg\" version=\"1.1\" width=\"100%\" height=\"100\" viewBox=\"0 0 100 100\" preserveAspectRatio=\"none\" fill=\"rgba(244,244,243,1)\"><path d=\"M100 0 L100 100 L0 0 Z\"><\/path><\/svg><\/div><div class=\"fusion-section-separator-spacer\"><div class=\"fusion-section-separator-spacer-height\"><\/div><\/div><\/div><\/div><\/div><\/div><\/div><div class=\"fusion-fullwidth fullwidth-box fusion-builder-row-5 fusion-flex-container nonhundred-percent-fullwidth non-hundred-percent-height-scrolling\" style=\"--awb-border-radius-top-left:0px;--awb-border-radius-top-right:0px;--awb-border-radius-bottom-right:0px;--awb-border-radius-bottom-left:0px;--awb-padding-top:25px;--awb-padding-bottom:50px;--awb-flex-wrap:wrap;\" ><div class=\"fusion-builder-row fusion-row fusion-flex-align-items-flex-start fusion-flex-content-wrap\" style=\"max-width:1248px;margin-left: calc(-4% \/ 2 );margin-right: calc(-4% \/ 2 );\"><div class=\"fusion-layout-column fusion_builder_column fusion-builder-column-4 fusion_builder_column_1_1 1_1 fusion-flex-column\" style=\"--awb-bg-size:cover;--awb-width-large:100%;--awb-margin-top-large:0px;--awb-spacing-right-large:1.92%;--awb-margin-bottom-large:20px;--awb-spacing-left-large:1.92%;--awb-width-medium:100%;--awb-order-medium:0;--awb-spacing-right-medium:1.92%;--awb-spacing-left-medium:1.92%;--awb-width-small:100%;--awb-order-small:0;--awb-spacing-right-small:1.92%;--awb-spacing-left-small:1.92%;\"><div class=\"fusion-column-wrapper fusion-column-has-shadow fusion-flex-justify-content-flex-start fusion-content-layout-column\"><div class=\"fusion-image-element \" style=\"text-align:center;--awb-margin-bottom:30px;--awb-caption-title-font-family:var(--h2_typography-font-family);--awb-caption-title-font-weight:var(--h2_typography-font-weight);--awb-caption-title-font-style:var(--h2_typography-font-style);--awb-caption-title-size:var(--h2_typography-font-size);--awb-caption-title-transform:var(--h2_typography-text-transform);--awb-caption-title-line-height:var(--h2_typography-line-height);--awb-caption-title-letter-spacing:var(--h2_typography-letter-spacing);\"><span class=\" fusion-imageframe imageframe-none imageframe-2 hover-type-none frontimg\"><img decoding=\"async\" width=\"1024\" height=\"686\" title=\"Spielerschutz_Illustrationen_Illu_Spielsucht\" src=\"http:\/\/spielerschutz.swisscasinos.ch\/wp-content\/uploads\/2021\/08\/Spielerschutz_Illustrationen_Illu_Spielsucht-1024x686.png\" alt class=\"img-responsive wp-image-1679\" srcset=\"https:\/\/spielerschutz.swisscasinos.ch\/wp-content\/uploads\/2021\/08\/Spielerschutz_Illustrationen_Illu_Spielsucht-200x134.png 200w, https:\/\/spielerschutz.swisscasinos.ch\/wp-content\/uploads\/2021\/08\/Spielerschutz_Illustrationen_Illu_Spielsucht-400x268.png 400w, https:\/\/spielerschutz.swisscasinos.ch\/wp-content\/uploads\/2021\/08\/Spielerschutz_Illustrationen_Illu_Spielsucht-600x402.png 600w, https:\/\/spielerschutz.swisscasinos.ch\/wp-content\/uploads\/2021\/08\/Spielerschutz_Illustrationen_Illu_Spielsucht-800x536.png 800w, https:\/\/spielerschutz.swisscasinos.ch\/wp-content\/uploads\/2021\/08\/Spielerschutz_Illustrationen_Illu_Spielsucht-1200x804.png 1200w, https:\/\/spielerschutz.swisscasinos.ch\/wp-content\/uploads\/2021\/08\/Spielerschutz_Illustrationen_Illu_Spielsucht.png 4488w\" sizes=\"(max-width: 640px) 100vw, 1200px\" \/><\/span><\/div><div class=\"fusion-title title fusion-title-6 fusion-sep-none fusion-title-center fusion-title-text fusion-title-size-one\"><h1 class=\"fusion-title-heading title-heading-center\" style=\"margin:0;\">D\u00e9&shy;pen&shy;dan&shy;ce au jeu<\/h1><\/div><div class=\"fusion-title title fusion-title-7 fusion-sep-none fusion-title-center fusion-title-text fusion-title-size-four\"><h4 class=\"fusion-title-heading title-heading-center\" style=\"margin:0;\">Faites confiance \u00e0 votre intuition<\/h4><\/div><div class=\"fusion-text fusion-text-3\"><p>Lorsque les jeux de hasard deviennent plus importants que votre vie sociale et professionnelle, il est possible que vous soyez d\u00e9pendant au jeu.<\/p>\n<p>Une personne pr\u00e9sente les signes d\u2019une d\u00e9pendance au jeu&#8230;<\/p>\n<ul>\n<li>lorsqu\u2019elle rechute apr\u00e8s avoir d\u00e9cid\u00e9 d\u2019arr\u00eater de jouer.<\/li>\n<li>lorsqu\u2019elle ne respecte pas les contraintes de temps et les restrictions budg\u00e9taires.<\/li>\n<li>lorsqu\u2019elle devient agit\u00e9e et agressive d\u00e8s qu\u2019elle n\u2019a pas l\u2019occasion de jouer.<\/li>\n<li>lorsqu\u2019elle manque le travail pour pouvoir jouer.<\/li>\n<li>lorsqu\u2019elle n\u00e9glige son apparence en dehors des jeux.<\/li>\n<li>lorsqu\u2019elle demande de l\u2019argent aux autres pour pouvoir continuer \u00e0 jouer.<\/li>\n<li>lorsqu\u2019elle souhaite effacer ses dettes ou d\u2019autres probl\u00e8mes financiers gr\u00e2ce \u00e0 ses gains.<\/li>\n<li>lorsque les jeux sont \u00e0 l\u2019origine de d\u00e9rives familiales.<\/li>\n<li>lorsqu\u2019elle ne manifeste plus d\u2019int\u00e9r\u00eat pour les amis et les loisirs.<\/li>\n<li>lorsqu\u2019elle a des pens\u00e9es suicidaires en raison du jeu.<\/li>\n<\/ul>\n<p>N\u2019h\u00e9sitez pas \u00e0 prendre contact avec nous si vous observez ces signes chez vous, des proches ou des connaissances. Ensemble, nous trouverons une solution.<\/p>\n<\/div><\/div><\/div><\/div><\/div><\/p>\n","protected":false},"excerpt":{"rendered":"","protected":false},"author":2,"featured_media":0,"parent":0,"menu_order":0,"comment_status":"closed","ping_status":"closed","template":"100-width.php","meta":{"footnotes":""},"class_list":["post-1966","page","type-page","status-publish","hentry"],"yoast_head":"<!-- This site is optimized with the Yoast SEO plugin v27.4 - https:\/\/yoast.com\/product\/yoast-seo-wordpress\/ -->\n<title>Jeux d\u2019ar&shy;gent - Spielerschutz<\/title>\n<meta name=\"robots\" content=\"index, follow, max-snippet:-1, max-image-preview:large, max-video-preview:-1\" \/>\n<link rel=\"canonical\" href=\"https:\/\/spielerschutz.swisscasinos.ch\/fr\/jeux-dargent\/\" \/>\n<meta property=\"og:locale\" content=\"fr_FR\" \/>\n<meta property=\"og:type\" content=\"article\" \/>\n<meta property=\"og:title\" content=\"Jeux d\u2019ar&shy;gent - Spielerschutz\" \/>\n<meta property=\"og:url\" content=\"https:\/\/spielerschutz.swisscasinos.ch\/fr\/jeux-dargent\/\" \/>\n<meta property=\"og:site_name\" content=\"Spielerschutz\" \/>\n<meta property=\"article:modified_time\" content=\"2022-07-11T09:22:53+00:00\" \/>\n<meta name=\"twitter:card\" content=\"summary_large_image\" \/>\n<meta name=\"twitter:label1\" content=\"Dur\u00e9e de lecture estim\u00e9e\" \/>\n\t<meta name=\"twitter:data1\" content=\"16 minutes\" \/>\n<script type=\"application\/ld+json\" class=\"yoast-schema-graph\">{\"@context\":\"https:\\\/\\\/schema.org\",\"@graph\":[{\"@type\":\"WebPage\",\"@id\":\"https:\\\/\\\/spielerschutz.swisscasinos.ch\\\/fr\\\/jeux-dargent\\\/\",\"url\":\"https:\\\/\\\/spielerschutz.swisscasinos.ch\\\/fr\\\/jeux-dargent\\\/\",\"name\":\"Jeux d\u2019ar&shy;gent - Spielerschutz\",\"isPartOf\":{\"@id\":\"https:\\\/\\\/spielerschutz.swisscasinos.ch\\\/fr\\\/#website\"},\"datePublished\":\"2021-09-02T07:25:28+00:00\",\"dateModified\":\"2022-07-11T09:22:53+00:00\",\"breadcrumb\":{\"@id\":\"https:\\\/\\\/spielerschutz.swisscasinos.ch\\\/fr\\\/jeux-dargent\\\/#breadcrumb\"},\"inLanguage\":\"fr-FR\",\"potentialAction\":[{\"@type\":\"ReadAction\",\"target\":[\"https:\\\/\\\/spielerschutz.swisscasinos.ch\\\/fr\\\/jeux-dargent\\\/\"]}]},{\"@type\":\"BreadcrumbList\",\"@id\":\"https:\\\/\\\/spielerschutz.swisscasinos.ch\\\/fr\\\/jeux-dargent\\\/#breadcrumb\",\"itemListElement\":[{\"@type\":\"ListItem\",\"position\":1,\"name\":\"Startseite\",\"item\":\"https:\\\/\\\/spielerschutz.swisscasinos.ch\\\/fr\\\/\"},{\"@type\":\"ListItem\",\"position\":2,\"name\":\"Jeux d\u2019ar&shy;gent\"}]},{\"@type\":\"WebSite\",\"@id\":\"https:\\\/\\\/spielerschutz.swisscasinos.ch\\\/fr\\\/#website\",\"url\":\"https:\\\/\\\/spielerschutz.swisscasinos.ch\\\/fr\\\/\",\"name\":\"Spielerschutz\",\"description\":\"Swiss Casinos\",\"potentialAction\":[{\"@type\":\"SearchAction\",\"target\":{\"@type\":\"EntryPoint\",\"urlTemplate\":\"https:\\\/\\\/spielerschutz.swisscasinos.ch\\\/fr\\\/?s={search_term_string}\"},\"query-input\":{\"@type\":\"PropertyValueSpecification\",\"valueRequired\":true,\"valueName\":\"search_term_string\"}}],\"inLanguage\":\"fr-FR\"}]}<\/script>\n<!-- \/ Yoast SEO plugin. -->","yoast_head_json":{"title":"Jeux d\u2019ar&shy;gent - Spielerschutz","robots":{"index":"index","follow":"follow","max-snippet":"max-snippet:-1","max-image-preview":"max-image-preview:large","max-video-preview":"max-video-preview:-1"},"canonical":"https:\/\/spielerschutz.swisscasinos.ch\/fr\/jeux-dargent\/","og_locale":"fr_FR","og_type":"article","og_title":"Jeux d\u2019ar&shy;gent - Spielerschutz","og_url":"https:\/\/spielerschutz.swisscasinos.ch\/fr\/jeux-dargent\/","og_site_name":"Spielerschutz","article_modified_time":"2022-07-11T09:22:53+00:00","twitter_card":"summary_large_image","twitter_misc":{"Dur\u00e9e de lecture estim\u00e9e":"16 minutes"},"schema":{"@context":"https:\/\/schema.org","@graph":[{"@type":"WebPage","@id":"https:\/\/spielerschutz.swisscasinos.ch\/fr\/jeux-dargent\/","url":"https:\/\/spielerschutz.swisscasinos.ch\/fr\/jeux-dargent\/","name":"Jeux d\u2019ar&shy;gent - Spielerschutz","isPartOf":{"@id":"https:\/\/spielerschutz.swisscasinos.ch\/fr\/#website"},"datePublished":"2021-09-02T07:25:28+00:00","dateModified":"2022-07-11T09:22:53+00:00","breadcrumb":{"@id":"https:\/\/spielerschutz.swisscasinos.ch\/fr\/jeux-dargent\/#breadcrumb"},"inLanguage":"fr-FR","potentialAction":[{"@type":"ReadAction","target":["https:\/\/spielerschutz.swisscasinos.ch\/fr\/jeux-dargent\/"]}]},{"@type":"BreadcrumbList","@id":"https:\/\/spielerschutz.swisscasinos.ch\/fr\/jeux-dargent\/#breadcrumb","itemListElement":[{"@type":"ListItem","position":1,"name":"Startseite","item":"https:\/\/spielerschutz.swisscasinos.ch\/fr\/"},{"@type":"ListItem","position":2,"name":"Jeux d\u2019ar&shy;gent"}]},{"@type":"WebSite","@id":"https:\/\/spielerschutz.swisscasinos.ch\/fr\/#website","url":"https:\/\/spielerschutz.swisscasinos.ch\/fr\/","name":"Spielerschutz","description":"Swiss Casinos","potentialAction":[{"@type":"SearchAction","target":{"@type":"EntryPoint","urlTemplate":"https:\/\/spielerschutz.swisscasinos.ch\/fr\/?s={search_term_string}"},"query-input":{"@type":"PropertyValueSpecification","valueRequired":true,"valueName":"search_term_string"}}],"inLanguage":"fr-FR"}]}},"_links":{"self":[{"href":"https:\/\/spielerschutz.swisscasinos.ch\/fr\/wp-json\/wp\/v2\/pages\/1966","targetHints":{"allow":["GET"]}}],"collection":[{"href":"https:\/\/spielerschutz.swisscasinos.ch\/fr\/wp-json\/wp\/v2\/pages"}],"about":[{"href":"https:\/\/spielerschutz.swisscasinos.ch\/fr\/wp-json\/wp\/v2\/types\/page"}],"author":[{"embeddable":true,"href":"https:\/\/spielerschutz.swisscasinos.ch\/fr\/wp-json\/wp\/v2\/users\/2"}],"replies":[{"embeddable":true,"href":"https:\/\/spielerschutz.swisscasinos.ch\/fr\/wp-json\/wp\/v2\/comments?post=1966"}],"version-history":[{"count":7,"href":"https:\/\/spielerschutz.swisscasinos.ch\/fr\/wp-json\/wp\/v2\/pages\/1966\/revisions"}],"predecessor-version":[{"id":2764,"href":"https:\/\/spielerschutz.swisscasinos.ch\/fr\/wp-json\/wp\/v2\/pages\/1966\/revisions\/2764"}],"wp:attachment":[{"href":"https:\/\/spielerschutz.swisscasinos.ch\/fr\/wp-json\/wp\/v2\/media?parent=1966"}],"curies":[{"name":"wp","href":"https:\/\/api.w.org\/{rel}","templated":true}]}}