{"id":1969,"date":"2021-09-02T07:24:37","date_gmt":"2021-09-02T07:24:37","guid":{"rendered":"https:\/\/wordpress.spielerschutz.ch\/?page_id=1969"},"modified":"2022-07-11T11:24:53","modified_gmt":"2022-07-11T09:24:53","slug":"exclusion-des-jeux","status":"publish","type":"page","link":"https:\/\/spielerschutz.swisscasinos.ch\/fr\/exclusion-des-jeux\/","title":{"rendered":"Ex&shy;clu&shy;sion des jeux"},"content":{"rendered":"<p><div class=\"fusion-fullwidth fullwidth-box fusion-builder-row-1 fusion-flex-container nonhundred-percent-fullwidth non-hundred-percent-height-scrolling\" style=\"--awb-border-radius-top-left:0px;--awb-border-radius-top-right:0px;--awb-border-radius-bottom-right:0px;--awb-border-radius-bottom-left:0px;--awb-padding-top:17px;--awb-padding-bottom:30px;--awb-flex-wrap:wrap;\" ><div class=\"fusion-builder-row fusion-row fusion-flex-align-items-flex-start fusion-flex-content-wrap\" style=\"max-width:1248px;margin-left: calc(-4% \/ 2 );margin-right: calc(-4% \/ 2 );\"><div class=\"fusion-layout-column fusion_builder_column fusion-builder-column-0 fusion_builder_column_1_1 1_1 fusion-flex-column\" style=\"--awb-bg-size:cover;--awb-width-large:100%;--awb-margin-top-large:0px;--awb-spacing-right-large:1.92%;--awb-margin-bottom-large:20px;--awb-spacing-left-large:1.92%;--awb-width-medium:100%;--awb-order-medium:0;--awb-spacing-right-medium:1.92%;--awb-spacing-left-medium:1.92%;--awb-width-small:100%;--awb-order-small:0;--awb-spacing-right-small:1.92%;--awb-spacing-left-small:1.92%;\"><div class=\"fusion-column-wrapper fusion-column-has-shadow fusion-flex-justify-content-flex-start fusion-content-layout-column\"><div class=\"fusion-image-element \" style=\"text-align:center;--awb-margin-bottom:30px;--awb-caption-title-font-family:var(--h2_typography-font-family);--awb-caption-title-font-weight:var(--h2_typography-font-weight);--awb-caption-title-font-style:var(--h2_typography-font-style);--awb-caption-title-size:var(--h2_typography-font-size);--awb-caption-title-transform:var(--h2_typography-text-transform);--awb-caption-title-line-height:var(--h2_typography-line-height);--awb-caption-title-letter-spacing:var(--h2_typography-letter-spacing);\"><span class=\" fusion-imageframe imageframe-none imageframe-1 hover-type-none frontimg\"><img decoding=\"async\" width=\"1024\" height=\"686\" title=\"Spielerschutz_Illustrationen_Illu_Spielsperre1\" src=\"http:\/\/spielerschutz.swisscasinos.ch\/wp-content\/uploads\/2021\/08\/Spielerschutz_Illustrationen_Illu_Spielsperre1-1024x686.png\" alt class=\"img-responsive wp-image-1676\" srcset=\"https:\/\/spielerschutz.swisscasinos.ch\/wp-content\/uploads\/2021\/08\/Spielerschutz_Illustrationen_Illu_Spielsperre1-200x134.png 200w, https:\/\/spielerschutz.swisscasinos.ch\/wp-content\/uploads\/2021\/08\/Spielerschutz_Illustrationen_Illu_Spielsperre1-400x268.png 400w, https:\/\/spielerschutz.swisscasinos.ch\/wp-content\/uploads\/2021\/08\/Spielerschutz_Illustrationen_Illu_Spielsperre1-600x402.png 600w, https:\/\/spielerschutz.swisscasinos.ch\/wp-content\/uploads\/2021\/08\/Spielerschutz_Illustrationen_Illu_Spielsperre1-800x536.png 800w, https:\/\/spielerschutz.swisscasinos.ch\/wp-content\/uploads\/2021\/08\/Spielerschutz_Illustrationen_Illu_Spielsperre1-1200x804.png 1200w, https:\/\/spielerschutz.swisscasinos.ch\/wp-content\/uploads\/2021\/08\/Spielerschutz_Illustrationen_Illu_Spielsperre1.png 4488w\" sizes=\"(max-width: 640px) 100vw, 1200px\" \/><\/span><\/div><div class=\"fusion-title title fusion-title-1 fusion-sep-none fusion-title-center fusion-title-text fusion-title-size-three\"><h3 class=\"fusion-title-heading title-heading-center\" style=\"margin:0;\">En bref<\/h3><\/div><div class=\"fusion-title title fusion-title-2 fusion-no-small-visibility fusion-sep-none fusion-title-center fusion-title-rotating fusion-loop-off fusion-title-clipIn fusion-title-size-one\" style=\"--awb-text-color:#ffcc00;--awb-margin-top:-10px;\"><h1 class=\"fusion-title-heading title-heading-center\" style=\"margin:0;letter-spacing:-1px;\"><span class=\"fusion-animated-text-prefix\"><\/span> <span class=\"fusion-animated-texts-wrapper\" style=\"text-align: center;\" data-length=\"line\" data-minDisplayTime=\"1200\"><span class=\"fusion-animated-texts\"><span data-in-effect=\"clipIn\" class=\"fusion-animated-text\" data-in-sequence=\"true\" data-out-reverse=\"true\" data-out-effect=\"clipOut\">O\u00f9 l\u2019exclusion des jeux s\u2019applique-t-elle ?<\/span><\/span><\/span> <span class=\"fusion-animated-text-postfix\"><\/span><\/h1><\/div><div class=\"fusion-title title fusion-title-3 fusion-no-medium-visibility fusion-no-large-visibility fusion-sep-none fusion-title-center fusion-title-text fusion-title-size-one\" style=\"--awb-text-color:#ffcc00;--awb-margin-top:-10px;\"><h1 class=\"fusion-title-heading title-heading-center\" style=\"margin:0;letter-spacing:-1px;\"><p style=\"text-align: center;\">O\u00f9 l\u2019ex&shy;clu&shy;sion des jeux s\u2019app&shy;li&shy;que-&shy;t-&shy;elle ?<\/p><\/h1><\/div><div class=\"fusion-text fusion-text-1\"><p style=\"text-align: center;\">Une exclusion des jeux est valable dans tous les casinos de Suisse ainsi que sur tous les jeux d\u2019argent en ligne soumis \u00e0 la loi f\u00e9d\u00e9rale sur les jeux d\u2019argent \u2013 dont toutes les offres de jeu en ligne de Swisslos, de La Loterie Romande et de tous les casinos suisses.<\/p>\n<\/div><\/div><\/div><\/div><\/div><div class=\"fusion-fullwidth fullwidth-box fusion-builder-row-2 fusion-flex-container nonhundred-percent-fullwidth non-hundred-percent-height-scrolling\" style=\"--awb-border-radius-top-left:0px;--awb-border-radius-top-right:0px;--awb-border-radius-bottom-right:0px;--awb-border-radius-bottom-left:0px;--awb-padding-top:32px;--awb-padding-bottom:50px;--awb-background-color:#f4f3f0;--awb-flex-wrap:wrap;\" ><div class=\"fusion-builder-row fusion-row fusion-flex-align-items-flex-start fusion-flex-content-wrap\" style=\"max-width:1248px;margin-left: calc(-4% \/ 2 );margin-right: calc(-4% \/ 2 );\"><div class=\"fusion-layout-column fusion_builder_column fusion-builder-column-1 fusion_builder_column_1_1 1_1 fusion-flex-column\" style=\"--awb-bg-size:cover;--awb-width-large:100%;--awb-margin-top-large:0px;--awb-spacing-right-large:1.92%;--awb-margin-bottom-large:45px;--awb-spacing-left-large:1.92%;--awb-width-medium:100%;--awb-order-medium:0;--awb-spacing-right-medium:1.92%;--awb-spacing-left-medium:1.92%;--awb-width-small:100%;--awb-order-small:0;--awb-spacing-right-small:1.92%;--awb-spacing-left-small:1.92%;\"><div class=\"fusion-column-wrapper fusion-column-has-shadow fusion-flex-justify-content-flex-start fusion-content-layout-column\"><div class=\"fusion-title title fusion-title-4 fusion-sep-none fusion-title-center fusion-title-text fusion-title-size-two\" style=\"--awb-text-color:#ffcc00;\"><h2 class=\"fusion-title-heading title-heading-center\" style=\"margin:0;\">Vo&shy;lon&shy;tai&shy;re<\/h2><\/div><div class=\"fusion-title title fusion-title-5 fusion-sep-none fusion-title-center fusion-title-text fusion-title-size-four\"><h4 class=\"fusion-title-heading title-heading-center\" style=\"margin:0;\">Demandez vous-m\u00eame une exclusion des jeux<\/h4><\/div><div class=\"fusion-text fusion-text-2\"><p>Demander volontairement l\u2019exclusion est souvent une solution efficace en cas de probl\u00e8mes d\u2019addiction au jeu. Vous pouvez en faire la demande \u00e0 tout moment en personne dans un casino suisse ou par \u00e9crit muni d\u2019une copie d\u2019une pi\u00e8ce d\u2019identit\u00e9. Les exclusions s\u2019appliquent \u00e0 tous les casinos en dur de Suisse ainsi qu\u2019\u00e0 tous les fournisseurs suisses de jeux d\u2019argent en ligne (loterie, paris sportifs, casino en ligne et parties de poker).<\/p>\n<p><span style=\"color: var(--body_typography-color); font-family: var(--body_typography-font-family); font-size: var(--body_typography-font-size); font-weight: var(--body_typography-font-weight); letter-spacing: var(--body_typography-letter-spacing);\">Envoyez le formulaire de demande d\u00fbment compl\u00e9t\u00e9 avec une copie d\u2019une pi\u00e8ce d\u2019identit\u00e9 valide (carte d\u2019identit\u00e9, passeport ou permis de conduire) au casino suisse de votre choix. Nous vous recommandons d\u2019envoyer la demande au casino dans lequel vous avez le plus jou\u00e9. Le formulaire de demande n\u2019est valable que s\u2019il comporte votre signature. <\/span>L\u2019exclusion de jeu aupr\u00e8s des casinos \u00e9trangers doit faire l\u2019objet d\u2019une demande s\u00e9par\u00e9e.<\/p>\n<p>Si vous souhaitez demander une exclusion en personne dans un casino, vous avez uniquement besoin d\u2019une pi\u00e8ce d\u2019identit\u00e9 valide. Nous vous recommandons de demander le responsable du concept social d\u00e8s votre entr\u00e9e dans le casino. Vous obtiendrez \u00e9galement des informations sur les conditions d\u2019une lev\u00e9e de l\u2019exclusion ainsi que sur les possibilit\u00e9s de conseil par des organismes externes sp\u00e9cialis\u00e9s dans les d\u00e9pendances \u00e0 votre disposition.<\/p>\n<\/div><div style=\"text-align:center;\"><a class=\"fusion-button button-flat fusion-button-default-size button-default fusion-button-default button-1 fusion-button-default-span fusion-button-default-type\" target=\"_blank\" rel=\"noopener noreferrer\" href=\"https:\/\/spielerschutz.swisscasinos.ch\/fr\/demande-dexclusion-volontaire\/\"><span class=\"fusion-button-text\">Demander volontairement une exclusion des jeux<\/span><\/a><\/div><\/div><\/div><div class=\"fusion-layout-column fusion_builder_column fusion-builder-column-2 fusion_builder_column_1_1 1_1 fusion-flex-column\" style=\"--awb-bg-size:cover;--awb-width-large:100%;--awb-margin-top-large:0px;--awb-spacing-right-large:1.92%;--awb-margin-bottom-large:20px;--awb-spacing-left-large:1.92%;--awb-width-medium:100%;--awb-order-medium:0;--awb-spacing-right-medium:1.92%;--awb-spacing-left-medium:1.92%;--awb-width-small:100%;--awb-order-small:0;--awb-spacing-right-small:1.92%;--awb-spacing-left-small:1.92%;\"><div class=\"fusion-column-wrapper fusion-column-has-shadow fusion-flex-justify-content-flex-start fusion-content-layout-column\"><div class=\"fusion-title title fusion-title-6 fusion-sep-none fusion-title-center fusion-title-text fusion-title-size-two\" style=\"--awb-text-color:#ffcc00;\"><h2 class=\"fusion-title-heading title-heading-center\" style=\"margin:0;\"><p style=\"text-align: center;\">Re&shy;qui&shy;se<\/p><\/h2><\/div><div class=\"fusion-title title fusion-title-7 fusion-sep-none fusion-title-center fusion-title-text fusion-title-size-four\"><h4 class=\"fusion-title-heading title-heading-center\" style=\"margin:0;\">Le casino d\u00e9cide de l\u2019exclusion des jeux<\/h4><\/div><div class=\"fusion-text fusion-text-3\"><p>En tant que casino, nous excluons des exploitations de jeux les personnes dont nous savons ou devrions pr\u00e9sumer, sur la base de nos observations ou des informations provenant de tiers\u00a0:<\/p>\n<ul>\n<li>qu\u2019elles sont surendett\u00e9es.<\/li>\n<li>qu\u2019elles ne remplissent pas leurs obligations financi\u00e8res.<\/li>\n<li>qu\u2019elles engagent des mises sans rapport avec leur revenu et leur fortune.<\/li>\n<li>qu\u2019elles sont d\u00e9pendantes au jeu.<\/li>\n<\/ul>\n<p>Dans de tels cas, nous sommes tenus en tant que casino, en vertu de l\u2019art. 80 OJAr, de prononcer une exclusion des jeux \u2013 ind\u00e9pendamment de la volont\u00e9 de la personne.<\/p>\n<\/div><div class=\"fusion-title title fusion-title-8 fusion-sep-none fusion-title-center fusion-title-text fusion-title-size-two\" style=\"--awb-text-color:#ffcc00;\"><h2 class=\"fusion-title-heading title-heading-center\" style=\"margin:0;\">Pro&shy;c\u00e9&shy;du&shy;re pour les proc&shy;hes<\/h2><\/div><div class=\"fusion-title title fusion-title-9 fusion-sep-none fusion-title-center fusion-title-text fusion-title-size-four\"><h4 class=\"fusion-title-heading title-heading-center\" style=\"margin:0;\">Voici comment vous pouvez aider<\/h4><\/div><div class=\"fusion-text fusion-text-4\"><p>Vous vous inqui\u00e9tez du comportement de jeu d\u2019un membre de votre famille, d\u2019un proche, d\u2019un ami\u00a0? Adressez-vous \u00e0 l\u2019expert en charge par t\u00e9l\u00e9phone ou directement sur place au casino dans lequel la personne concern\u00e9e joue et attirez son attention sur son comportement de jeu ou sa situation financi\u00e8re.<\/p>\n<p>Nous vous informerons avec compr\u00e9hension et de mani\u00e8re comp\u00e9tente des diff\u00e9rentes options qui existent et conviendrons avec vous d\u2019une d\u00e9marche adapt\u00e9e. Par la suite, le casino mettra ces mesures en \u0153uvre. En principe, vous pouvez \u00e9galement faire part de vos remarques aux casinos des pays voisins.<\/p>\n<\/div><\/div><\/div><\/div><\/div><div class=\"fusion-fullwidth fullwidth-box fusion-builder-row-3 fusion-flex-container nonhundred-percent-fullwidth non-hundred-percent-height-scrolling\" style=\"--awb-border-radius-top-left:0px;--awb-border-radius-top-right:0px;--awb-border-radius-bottom-right:0px;--awb-border-radius-bottom-left:0px;--awb-padding-top:38px;--awb-padding-bottom:0px;--awb-flex-wrap:wrap;\" ><div class=\"fusion-builder-row fusion-row fusion-flex-align-items-flex-start fusion-flex-content-wrap\" style=\"max-width:1248px;margin-left: calc(-4% \/ 2 );margin-right: calc(-4% \/ 2 );\"><div class=\"fusion-layout-column fusion_builder_column fusion-builder-column-3 fusion_builder_column_1_1 1_1 fusion-flex-column\" style=\"--awb-bg-size:cover;--awb-width-large:100%;--awb-margin-top-large:0px;--awb-spacing-right-large:1.92%;--awb-margin-bottom-large:20px;--awb-spacing-left-large:1.92%;--awb-width-medium:100%;--awb-order-medium:0;--awb-spacing-right-medium:1.92%;--awb-spacing-left-medium:1.92%;--awb-width-small:100%;--awb-order-small:0;--awb-spacing-right-small:1.92%;--awb-spacing-left-small:1.92%;\"><div class=\"fusion-column-wrapper fusion-column-has-shadow fusion-flex-justify-content-flex-start fusion-content-layout-column\"><div class=\"fusion-image-element \" style=\"text-align:center;--awb-caption-title-font-family:var(--h2_typography-font-family);--awb-caption-title-font-weight:var(--h2_typography-font-weight);--awb-caption-title-font-style:var(--h2_typography-font-style);--awb-caption-title-size:var(--h2_typography-font-size);--awb-caption-title-transform:var(--h2_typography-text-transform);--awb-caption-title-line-height:var(--h2_typography-line-height);--awb-caption-title-letter-spacing:var(--h2_typography-letter-spacing);\"><span class=\" fusion-imageframe imageframe-none imageframe-2 hover-type-none frontimg\"><img decoding=\"async\" width=\"1024\" height=\"686\" title=\"Spielerschutz_Illustrationen_Illu_Spielsperre2\" src=\"http:\/\/spielerschutz.swisscasinos.ch\/wp-content\/uploads\/2021\/08\/Spielerschutz_Illustrationen_Illu_Spielsperre2-1024x686.png\" alt class=\"img-responsive wp-image-1677\" srcset=\"https:\/\/spielerschutz.swisscasinos.ch\/wp-content\/uploads\/2021\/08\/Spielerschutz_Illustrationen_Illu_Spielsperre2-200x134.png 200w, https:\/\/spielerschutz.swisscasinos.ch\/wp-content\/uploads\/2021\/08\/Spielerschutz_Illustrationen_Illu_Spielsperre2-400x268.png 400w, https:\/\/spielerschutz.swisscasinos.ch\/wp-content\/uploads\/2021\/08\/Spielerschutz_Illustrationen_Illu_Spielsperre2-600x402.png 600w, https:\/\/spielerschutz.swisscasinos.ch\/wp-content\/uploads\/2021\/08\/Spielerschutz_Illustrationen_Illu_Spielsperre2-800x536.png 800w, https:\/\/spielerschutz.swisscasinos.ch\/wp-content\/uploads\/2021\/08\/Spielerschutz_Illustrationen_Illu_Spielsperre2-1200x804.png 1200w, https:\/\/spielerschutz.swisscasinos.ch\/wp-content\/uploads\/2021\/08\/Spielerschutz_Illustrationen_Illu_Spielsperre2.png 4488w\" sizes=\"(max-width: 640px) 100vw, 1200px\" \/><\/span><\/div><\/div><\/div><div class=\"fusion-layout-column fusion_builder_column fusion-builder-column-4 fusion_builder_column_1_1 1_1 fusion-flex-column\" style=\"--awb-bg-size:cover;--awb-width-large:100%;--awb-margin-top-large:0px;--awb-spacing-right-large:1.92%;--awb-margin-bottom-large:45px;--awb-spacing-left-large:1.92%;--awb-width-medium:100%;--awb-order-medium:0;--awb-spacing-right-medium:1.92%;--awb-spacing-left-medium:1.92%;--awb-width-small:100%;--awb-order-small:0;--awb-spacing-right-small:1.92%;--awb-spacing-left-small:1.92%;\"><div class=\"fusion-column-wrapper fusion-column-has-shadow fusion-flex-justify-content-flex-start fusion-content-layout-column\"><div class=\"fusion-title title fusion-title-10 fusion-sep-none fusion-title-center fusion-title-text fusion-title-size-one\" style=\"--awb-text-color:#ffcc00;\"><h1 class=\"fusion-title-heading title-heading-center\" style=\"margin:0;\">Le&shy;v\u00e9e de l\u2019ex&shy;clu&shy;sion des jeux<\/h1><\/div><div class=\"fusion-title title fusion-title-11 fusion-sep-none fusion-title-center fusion-title-text fusion-title-size-four\"><h4 class=\"fusion-title-heading title-heading-center\" style=\"margin:0;\">Retour aux jeux<\/h4><\/div><div class=\"fusion-text fusion-text-5\"><p>En principe, vous pouvez \u00e0 tout moment demander une lev\u00e9e de votre exclusion dans les casinos suisses. Pour ce faire, il vous faudra adresser une demande \u00e9crite au casino qui a d\u00e9cid\u00e9 de l\u2019exclusion et prendre part \u00e0 un entretien personnel.<\/p>\n<p>Si vous pouvez prouver que les motifs ayant conduit \u00e0 prononcer l\u2019exclusion n\u2019existent plus, celle-ci sera lev\u00e9e (art. 81\u00a0de la loi sur les jeux d\u2019argent). Les exclusions volontaires ne peuvent \u00eatre lev\u00e9es qu\u2019apr\u00e8s trois mois (art. 84\u00a0de l\u2019ordonnance sur les jeux d\u2019argent).<\/p>\n<p>Si vous avez demand\u00e9 une exclusion \u00e0 un casino qui a cess\u00e9 ses activit\u00e9s, adressez-vous au casino de votre choix. Vous y obtiendrez des informations quant \u00e0 la marche \u00e0 suivre.<\/p>\n<\/div><div style=\"text-align:center;\"><a class=\"fusion-button button-flat fusion-button-default-size button-default fusion-button-default button-2 fusion-button-default-span fusion-button-default-type\" target=\"_blank\" rel=\"noopener noreferrer\" href=\"https:\/\/spielerschutz.swisscasinos.ch\/fr\/demande-de-levee-dexclusion\/\"><span class=\"fusion-button-text\">Demander la lev\u00e9e de l\u2019exclusion<\/span><\/a><\/div><\/div><\/div><\/div><\/div><div class=\"fusion-fullwidth fullwidth-box fusion-builder-row-4 fusion-flex-container nonhundred-percent-fullwidth non-hundred-percent-height-scrolling\" style=\"--awb-border-radius-top-left:0px;--awb-border-radius-top-right:0px;--awb-border-radius-bottom-right:0px;--awb-border-radius-bottom-left:0px;--awb-padding-top:25px;--awb-padding-bottom:50px;--awb-flex-wrap:wrap;\" ><div class=\"fusion-builder-row fusion-row fusion-flex-align-items-flex-start fusion-flex-content-wrap\" style=\"max-width:1248px;margin-left: calc(-4% \/ 2 );margin-right: calc(-4% \/ 2 );\"><div class=\"fusion-layout-column fusion_builder_column fusion-builder-column-5 fusion_builder_column_1_1 1_1 fusion-flex-column\" style=\"--awb-bg-size:cover;--awb-width-large:100%;--awb-margin-top-large:0px;--awb-spacing-right-large:1.92%;--awb-margin-bottom-large:20px;--awb-spacing-left-large:1.92%;--awb-width-medium:100%;--awb-order-medium:0;--awb-spacing-right-medium:1.92%;--awb-spacing-left-medium:1.92%;--awb-width-small:100%;--awb-order-small:0;--awb-spacing-right-small:1.92%;--awb-spacing-left-small:1.92%;\"><div class=\"fusion-column-wrapper fusion-column-has-shadow fusion-flex-justify-content-flex-start fusion-content-layout-column\"><div class=\"fusion-title title fusion-title-12 fusion-sep-none fusion-title-center fusion-title-text fusion-title-size-one\" style=\"--awb-text-color:#ffcc00;\"><h1 class=\"fusion-title-heading title-heading-center\" style=\"margin:0;\">Ex&shy;clu&shy;sion des jeux \u00e0 l\u2019\u00e9&shy;tran&shy;ger<\/h1><\/div><div class=\"fusion-text fusion-text-6\"><p>Outre une exclusion des jeux en Suisse, nous vous recommandons d\u2019\u00e9galement demander une exclusion dans les pays voisins. Ce type d\u2019exclusion doit faire l\u2019objet d\u2019une demande s\u00e9par\u00e9e.<\/p>\n<\/div><\/div><\/div><\/div><\/div><\/p>\n","protected":false},"excerpt":{"rendered":"","protected":false},"author":2,"featured_media":0,"parent":0,"menu_order":0,"comment_status":"closed","ping_status":"closed","template":"100-width.php","meta":{"footnotes":""},"class_list":["post-1969","page","type-page","status-publish","hentry"],"yoast_head":"<!-- This site is optimized with the Yoast SEO plugin v27.4 - https:\/\/yoast.com\/product\/yoast-seo-wordpress\/ -->\n<title>Ex&shy;clu&shy;sion des jeux - Spielerschutz<\/title>\n<meta name=\"robots\" content=\"index, follow, max-snippet:-1, max-image-preview:large, max-video-preview:-1\" \/>\n<link rel=\"canonical\" href=\"https:\/\/spielerschutz.swisscasinos.ch\/fr\/exclusion-des-jeux\/\" \/>\n<meta property=\"og:locale\" content=\"fr_FR\" \/>\n<meta property=\"og:type\" content=\"article\" \/>\n<meta property=\"og:title\" content=\"Ex&shy;clu&shy;sion des jeux - Spielerschutz\" \/>\n<meta property=\"og:url\" content=\"https:\/\/spielerschutz.swisscasinos.ch\/fr\/exclusion-des-jeux\/\" \/>\n<meta property=\"og:site_name\" content=\"Spielerschutz\" \/>\n<meta property=\"article:modified_time\" content=\"2022-07-11T09:24:53+00:00\" \/>\n<meta name=\"twitter:card\" content=\"summary_large_image\" \/>\n<meta name=\"twitter:label1\" content=\"Dur\u00e9e de lecture estim\u00e9e\" \/>\n\t<meta name=\"twitter:data1\" content=\"11 minutes\" \/>\n<script type=\"application\/ld+json\" class=\"yoast-schema-graph\">{\"@context\":\"https:\\\/\\\/schema.org\",\"@graph\":[{\"@type\":\"WebPage\",\"@id\":\"https:\\\/\\\/spielerschutz.swisscasinos.ch\\\/fr\\\/exclusion-des-jeux\\\/\",\"url\":\"https:\\\/\\\/spielerschutz.swisscasinos.ch\\\/fr\\\/exclusion-des-jeux\\\/\",\"name\":\"Ex&shy;clu&shy;sion des jeux - Spielerschutz\",\"isPartOf\":{\"@id\":\"https:\\\/\\\/spielerschutz.swisscasinos.ch\\\/fr\\\/#website\"},\"datePublished\":\"2021-09-02T07:24:37+00:00\",\"dateModified\":\"2022-07-11T09:24:53+00:00\",\"breadcrumb\":{\"@id\":\"https:\\\/\\\/spielerschutz.swisscasinos.ch\\\/fr\\\/exclusion-des-jeux\\\/#breadcrumb\"},\"inLanguage\":\"fr-FR\",\"potentialAction\":[{\"@type\":\"ReadAction\",\"target\":[\"https:\\\/\\\/spielerschutz.swisscasinos.ch\\\/fr\\\/exclusion-des-jeux\\\/\"]}]},{\"@type\":\"BreadcrumbList\",\"@id\":\"https:\\\/\\\/spielerschutz.swisscasinos.ch\\\/fr\\\/exclusion-des-jeux\\\/#breadcrumb\",\"itemListElement\":[{\"@type\":\"ListItem\",\"position\":1,\"name\":\"Startseite\",\"item\":\"https:\\\/\\\/spielerschutz.swisscasinos.ch\\\/fr\\\/\"},{\"@type\":\"ListItem\",\"position\":2,\"name\":\"Ex&shy;clu&shy;sion des jeux\"}]},{\"@type\":\"WebSite\",\"@id\":\"https:\\\/\\\/spielerschutz.swisscasinos.ch\\\/fr\\\/#website\",\"url\":\"https:\\\/\\\/spielerschutz.swisscasinos.ch\\\/fr\\\/\",\"name\":\"Spielerschutz\",\"description\":\"Swiss Casinos\",\"potentialAction\":[{\"@type\":\"SearchAction\",\"target\":{\"@type\":\"EntryPoint\",\"urlTemplate\":\"https:\\\/\\\/spielerschutz.swisscasinos.ch\\\/fr\\\/?s={search_term_string}\"},\"query-input\":{\"@type\":\"PropertyValueSpecification\",\"valueRequired\":true,\"valueName\":\"search_term_string\"}}],\"inLanguage\":\"fr-FR\"}]}<\/script>\n<!-- \/ Yoast SEO plugin. -->","yoast_head_json":{"title":"Ex&shy;clu&shy;sion des jeux - Spielerschutz","robots":{"index":"index","follow":"follow","max-snippet":"max-snippet:-1","max-image-preview":"max-image-preview:large","max-video-preview":"max-video-preview:-1"},"canonical":"https:\/\/spielerschutz.swisscasinos.ch\/fr\/exclusion-des-jeux\/","og_locale":"fr_FR","og_type":"article","og_title":"Ex&shy;clu&shy;sion des jeux - Spielerschutz","og_url":"https:\/\/spielerschutz.swisscasinos.ch\/fr\/exclusion-des-jeux\/","og_site_name":"Spielerschutz","article_modified_time":"2022-07-11T09:24:53+00:00","twitter_card":"summary_large_image","twitter_misc":{"Dur\u00e9e de lecture estim\u00e9e":"11 minutes"},"schema":{"@context":"https:\/\/schema.org","@graph":[{"@type":"WebPage","@id":"https:\/\/spielerschutz.swisscasinos.ch\/fr\/exclusion-des-jeux\/","url":"https:\/\/spielerschutz.swisscasinos.ch\/fr\/exclusion-des-jeux\/","name":"Ex&shy;clu&shy;sion des jeux - Spielerschutz","isPartOf":{"@id":"https:\/\/spielerschutz.swisscasinos.ch\/fr\/#website"},"datePublished":"2021-09-02T07:24:37+00:00","dateModified":"2022-07-11T09:24:53+00:00","breadcrumb":{"@id":"https:\/\/spielerschutz.swisscasinos.ch\/fr\/exclusion-des-jeux\/#breadcrumb"},"inLanguage":"fr-FR","potentialAction":[{"@type":"ReadAction","target":["https:\/\/spielerschutz.swisscasinos.ch\/fr\/exclusion-des-jeux\/"]}]},{"@type":"BreadcrumbList","@id":"https:\/\/spielerschutz.swisscasinos.ch\/fr\/exclusion-des-jeux\/#breadcrumb","itemListElement":[{"@type":"ListItem","position":1,"name":"Startseite","item":"https:\/\/spielerschutz.swisscasinos.ch\/fr\/"},{"@type":"ListItem","position":2,"name":"Ex&shy;clu&shy;sion des jeux"}]},{"@type":"WebSite","@id":"https:\/\/spielerschutz.swisscasinos.ch\/fr\/#website","url":"https:\/\/spielerschutz.swisscasinos.ch\/fr\/","name":"Spielerschutz","description":"Swiss Casinos","potentialAction":[{"@type":"SearchAction","target":{"@type":"EntryPoint","urlTemplate":"https:\/\/spielerschutz.swisscasinos.ch\/fr\/?s={search_term_string}"},"query-input":{"@type":"PropertyValueSpecification","valueRequired":true,"valueName":"search_term_string"}}],"inLanguage":"fr-FR"}]}},"_links":{"self":[{"href":"https:\/\/spielerschutz.swisscasinos.ch\/fr\/wp-json\/wp\/v2\/pages\/1969","targetHints":{"allow":["GET"]}}],"collection":[{"href":"https:\/\/spielerschutz.swisscasinos.ch\/fr\/wp-json\/wp\/v2\/pages"}],"about":[{"href":"https:\/\/spielerschutz.swisscasinos.ch\/fr\/wp-json\/wp\/v2\/types\/page"}],"author":[{"embeddable":true,"href":"https:\/\/spielerschutz.swisscasinos.ch\/fr\/wp-json\/wp\/v2\/users\/2"}],"replies":[{"embeddable":true,"href":"https:\/\/spielerschutz.swisscasinos.ch\/fr\/wp-json\/wp\/v2\/comments?post=1969"}],"version-history":[{"count":11,"href":"https:\/\/spielerschutz.swisscasinos.ch\/fr\/wp-json\/wp\/v2\/pages\/1969\/revisions"}],"predecessor-version":[{"id":2768,"href":"https:\/\/spielerschutz.swisscasinos.ch\/fr\/wp-json\/wp\/v2\/pages\/1969\/revisions\/2768"}],"wp:attachment":[{"href":"https:\/\/spielerschutz.swisscasinos.ch\/fr\/wp-json\/wp\/v2\/media?parent=1969"}],"curies":[{"name":"wp","href":"https:\/\/api.w.org\/{rel}","templated":true}]}}