{"id":1968,"date":"2021-09-02T07:33:44","date_gmt":"2021-09-02T07:33:44","guid":{"rendered":"https:\/\/wordpress.spielerschutz.ch\/?page_id=1968"},"modified":"2022-07-11T11:23:12","modified_gmt":"2022-07-11T09:23:12","slug":"il-gioco-a-soldi","status":"publish","type":"page","link":"https:\/\/spielerschutz.swisscasinos.ch\/it\/il-gioco-a-soldi\/","title":{"rendered":"Il gio&shy;co a sol&shy;di"},"content":{"rendered":"<p><div class=\"fusion-fullwidth fullwidth-box fusion-builder-row-1 fusion-flex-container nonhundred-percent-fullwidth non-hundred-percent-height-scrolling\" style=\"--awb-border-radius-top-left:0px;--awb-border-radius-top-right:0px;--awb-border-radius-bottom-right:0px;--awb-border-radius-bottom-left:0px;--awb-padding-top:50px;--awb-padding-top-small:60px;--awb-flex-wrap:wrap;\" ><div class=\"fusion-builder-row fusion-row fusion-flex-align-items-stretch fusion-flex-justify-content-center fusion-flex-content-wrap\" style=\"max-width:1248px;margin-left: calc(-4% \/ 2 );margin-right: calc(-4% \/ 2 );\"><div class=\"fusion-layout-column fusion_builder_column fusion-builder-column-0 fusion_builder_column_1_1 1_1 fusion-flex-column fusion-flex-align-self-center fusion-animated\" style=\"--awb-padding-right:150px;--awb-padding-left:150px;--awb-padding-right-small:0px;--awb-padding-left-small:0px;--awb-bg-size:cover;--awb-width-large:100%;--awb-margin-top-large:0px;--awb-spacing-right-large:1.92%;--awb-margin-bottom-large:20px;--awb-spacing-left-large:1.92%;--awb-width-medium:100%;--awb-order-medium:0;--awb-spacing-right-medium:1.92%;--awb-spacing-left-medium:1.92%;--awb-width-small:100%;--awb-order-small:0;--awb-spacing-right-small:1.92%;--awb-spacing-left-small:1.92%;\" data-animationType=\"fadeInLeft\" data-animationDuration=\"1.0\" data-animationOffset=\"top-into-view\"><div class=\"fusion-column-wrapper fusion-column-has-shadow fusion-flex-justify-content-flex-start fusion-content-layout-column\"><div class=\"fusion-title title fusion-title-1 fusion-sep-none fusion-title-center fusion-title-text fusion-title-size-three\"><h3 class=\"fusion-title-heading title-heading-center\" style=\"margin:0;\">Giocare \u00e8 parte della vita<\/h3><\/div><div class=\"fusion-title title fusion-title-2 fusion-no-small-visibility fusion-sep-none fusion-title-center fusion-title-rotating fusion-loop-on fusion-title-clipIn fusion-title-size-one\" style=\"--awb-margin-top:-10px;--awb-margin-bottom:30px;\"><h1 class=\"fusion-title-heading title-heading-center\" style=\"margin:0;letter-spacing:-1px;\"><span class=\"fusion-animated-text-prefix\"><\/span> <span class=\"fusion-animated-texts-wrapper\" style=\"text-align: center;\" data-length=\"line\" data-minDisplayTime=\"1200\"><span class=\"fusion-animated-texts\"><span data-in-effect=\"clipIn\" class=\"fusion-animated-text\" data-in-sequence=\"true\" data-out-reverse=\"true\" data-out-effect=\"clipOut\">Quello che c\u2019\u00e8 da sapere<\/span><\/span><\/span> <span class=\"fusion-animated-text-postfix\"><\/span><\/h1><\/div><div class=\"fusion-title title fusion-title-3 fusion-no-medium-visibility fusion-no-large-visibility fusion-sep-none fusion-title-center fusion-title-text fusion-title-size-one\" style=\"--awb-margin-top:-10px;--awb-margin-bottom:30px;\"><h1 class=\"fusion-title-heading title-heading-center\" style=\"margin:0;letter-spacing:-1px;\"><p style=\"text-align: center;\">Quel\u00ad&shy;lo che c\u2019&shy;\u00e8 da sa\u00ad&shy;pe\u00ad&shy;re<\/p><\/h1><\/div><div class=\"fusion-text fusion-text-1\" style=\"--awb-content-alignment:center;--awb-font-size:18px;--awb-text-color:#5b636c;\"><p>Affinch\u00e9 il gioco d\u2019azzardo resti un divertimento a lungo, devi giocare in maniera responsabile. Scopri qui quali punti occorre tener presente a riguardo e cosa puoi fare se sospetti una dipendenza da gioco per te, un tuo familiare o conoscente.<\/p>\n<\/div><\/div><\/div><\/div><\/div><div class=\"fusion-fullwidth fullwidth-box fusion-builder-row-2 fusion-flex-container hundred-percent-fullwidth non-hundred-percent-height-scrolling\" style=\"--awb-border-radius-top-left:0px;--awb-border-radius-top-right:0px;--awb-border-radius-bottom-right:0px;--awb-border-radius-bottom-left:0px;--awb-overflow:visible;--awb-padding-top:0px;--awb-padding-right:40px;--awb-padding-bottom:0px;--awb-padding-left:40px;--awb-background-color:#f4f3f0;--awb-flex-wrap:wrap;\" ><div class=\"fusion-builder-row fusion-row fusion-flex-align-items-flex-start fusion-flex-content-wrap\" style=\"width:104% !important;max-width:104% !important;margin-left: calc(-4% \/ 2 );margin-right: calc(-4% \/ 2 );\"><div class=\"fusion-layout-column fusion_builder_column fusion-builder-column-1 fusion_builder_column_1_1 1_1 fusion-flex-column\" style=\"--awb-bg-size:cover;--awb-width-large:100%;--awb-margin-top-large:0px;--awb-spacing-right-large:1.92%;--awb-margin-bottom-large:20px;--awb-spacing-left-large:1.92%;--awb-width-medium:100%;--awb-order-medium:0;--awb-spacing-right-medium:1.92%;--awb-spacing-left-medium:1.92%;--awb-width-small:100%;--awb-order-small:0;--awb-spacing-right-small:1.92%;--awb-spacing-left-small:1.92%;\"><div class=\"fusion-column-wrapper fusion-column-has-shadow fusion-flex-justify-content-flex-start fusion-content-layout-column\"><div class=\"fusion-section-separator section-separator slant fusion-section-separator-1\" style=\"--awb-spacer-height:99px;--awb-svg-margin-left:1.92%;--awb-svg-margin-right:1.92%;--awb-svg-margin-left-medium:1.92%;--awb-svg-margin-right-medium:1.92%;--awb-svg-margin-left-small:1.92%;--awb-svg-margin-right-small:1.92%;--awb-divider-height:99px;--awb-spacer-padding-top:inherit;--awb-sep-padding:0;--awb-svg-padding:0;\"><div class=\"fusion-section-separator-svg\"><svg class=\"fusion-slant-candy\" xmlns=\"http:\/\/www.w3.org\/2000\/svg\" version=\"1.1\" width=\"100%\" height=\"100\" viewBox=\"0 0 100 100\" preserveAspectRatio=\"none\" fill=\"rgba(255,255,255,1)\"><path d=\"M0 100 L0 0 L100 0 Z\"><\/path><\/svg><\/div><div class=\"fusion-section-separator-spacer\"><div class=\"fusion-section-separator-spacer-height\"><\/div><\/div><\/div><\/div><\/div><\/div><\/div><div class=\"fusion-fullwidth fullwidth-box fusion-builder-row-3 fusion-flex-container nonhundred-percent-fullwidth non-hundred-percent-height-scrolling\" style=\"--awb-border-radius-top-left:0px;--awb-border-radius-top-right:0px;--awb-border-radius-bottom-right:0px;--awb-border-radius-bottom-left:0px;--awb-padding-top:45px;--awb-padding-bottom:70px;--awb-background-color:#f4f3f0;--awb-flex-wrap:wrap;\" ><div class=\"fusion-builder-row fusion-row fusion-flex-align-items-flex-start fusion-flex-content-wrap\" style=\"max-width:1248px;margin-left: calc(-4% \/ 2 );margin-right: calc(-4% \/ 2 );\"><div class=\"fusion-layout-column fusion_builder_column fusion-builder-column-2 fusion_builder_column_1_1 1_1 fusion-flex-column\" style=\"--awb-bg-size:cover;--awb-width-large:100%;--awb-margin-top-large:0px;--awb-spacing-right-large:1.92%;--awb-margin-bottom-large:20px;--awb-spacing-left-large:1.92%;--awb-width-medium:100%;--awb-order-medium:0;--awb-spacing-right-medium:1.92%;--awb-spacing-left-medium:1.92%;--awb-width-small:100%;--awb-order-small:0;--awb-spacing-right-small:1.92%;--awb-spacing-left-small:1.92%;\"><div class=\"fusion-column-wrapper fusion-column-has-shadow fusion-flex-justify-content-flex-start fusion-content-layout-column\"><div class=\"fusion-image-element \" style=\"text-align:center;--awb-margin-bottom:30px;--awb-caption-title-font-family:var(--h2_typography-font-family);--awb-caption-title-font-weight:var(--h2_typography-font-weight);--awb-caption-title-font-style:var(--h2_typography-font-style);--awb-caption-title-size:var(--h2_typography-font-size);--awb-caption-title-transform:var(--h2_typography-text-transform);--awb-caption-title-line-height:var(--h2_typography-line-height);--awb-caption-title-letter-spacing:var(--h2_typography-letter-spacing);\"><span class=\" fusion-imageframe imageframe-none imageframe-1 hover-type-none frontimg\"><img decoding=\"async\" width=\"1024\" height=\"686\" title=\"Spielerschutz_Illustrationen_Illu_SpielUmGeld\" src=\"http:\/\/spielerschutz.swisscasinos.ch\/wp-content\/uploads\/2021\/08\/Spielerschutz_Illustrationen_Illu_SpielUmGeld-1024x686.png\" alt class=\"img-responsive wp-image-1680\" srcset=\"https:\/\/spielerschutz.swisscasinos.ch\/wp-content\/uploads\/2021\/08\/Spielerschutz_Illustrationen_Illu_SpielUmGeld-200x134.png 200w, https:\/\/spielerschutz.swisscasinos.ch\/wp-content\/uploads\/2021\/08\/Spielerschutz_Illustrationen_Illu_SpielUmGeld-400x268.png 400w, https:\/\/spielerschutz.swisscasinos.ch\/wp-content\/uploads\/2021\/08\/Spielerschutz_Illustrationen_Illu_SpielUmGeld-600x402.png 600w, https:\/\/spielerschutz.swisscasinos.ch\/wp-content\/uploads\/2021\/08\/Spielerschutz_Illustrationen_Illu_SpielUmGeld-800x536.png 800w, https:\/\/spielerschutz.swisscasinos.ch\/wp-content\/uploads\/2021\/08\/Spielerschutz_Illustrationen_Illu_SpielUmGeld-1200x804.png 1200w, https:\/\/spielerschutz.swisscasinos.ch\/wp-content\/uploads\/2021\/08\/Spielerschutz_Illustrationen_Illu_SpielUmGeld.png 4488w\" sizes=\"(max-width: 640px) 100vw, 1200px\" \/><\/span><\/div><div class=\"fusion-title title fusion-title-4 fusion-sep-none fusion-title-center fusion-title-text fusion-title-size-one\"><h1 class=\"fusion-title-heading title-heading-center\" style=\"margin:0;\">Il gi&shy;o\u00adco a sol&shy;\u00addi<\/h1><\/div><div class=\"fusion-title title fusion-title-5 fusion-sep-none fusion-title-center fusion-title-text fusion-title-size-four\"><h4 class=\"fusion-title-heading title-heading-center\" style=\"margin:0;\"><p style=\"text-align: center;\">Consigli per il gioco d\u2019azzardo<\/p><\/h4><\/div><div class=\"fusion-text fusion-text-2\"><p>A ogni visita presso un casin\u00f2 e a un casin\u00f2 online rispetta i seguenti punti cos\u00ec che il gioco d\u2019azzardo resti un divertimento a lungo:<\/p>\n<ul>\n<li>Stabilisci un limite massimo proporzionato alla tua situazione per le puntate di gioco e non superarlo.<\/li>\n<li>Tieni a parte il denaro che intendi puntare al gioco e utilizza esclusivamente questo.<\/li>\n<li>Versa online sul tuo account giocatore solo il denaro che vuoi puntare al gioco.<\/li>\n<li>Prenditi pause regolari dal gioco. Le tue possibilit\u00e0 di vincita sono sempre le stesse in qualsiasi momento.<\/li>\n<li>Non dimenticare che la vincita economica che puoi conseguire sul lungo periodo \u00e8 inferiore alla tua puntata nonostante l\u2019elevato tasso di ritorno di oltre il 90%.<\/li>\n<li>Gioisci delle piccole vincite e portale a casa con te. Ci\u00f2 che sembra una \u00abserie vincente\u00bb \u00e8 sempre solo un puro caso.<\/li>\n<li>Non cercare di pareggiare le tue perdite. Non vi \u00e8 alcuna legge per cui dopo una serie di perdite improvvisamente seguano delle vincite.<\/li>\n<li>La fortuna non si lascia imbrigliare.<\/li>\n<\/ul>\n<p>Se ti risulta difficile o addirittura impossibile attenerti a questi punti, ti invitiamo di tutto cuore a smettere di giocare. Se non ci riesci con la sola tua forza di volont\u00e0, siamo a tua disposizione per fornirti consulenza.<\/p>\n<\/div><\/div><\/div><\/div><\/div><div class=\"fusion-fullwidth fullwidth-box fusion-builder-row-4 fusion-flex-container hundred-percent-fullwidth non-hundred-percent-height-scrolling\" style=\"--awb-border-radius-top-left:0px;--awb-border-radius-top-right:0px;--awb-border-radius-bottom-right:0px;--awb-border-radius-bottom-left:0px;--awb-overflow:visible;--awb-padding-top:0px;--awb-padding-right:40px;--awb-padding-bottom:0px;--awb-padding-left:40px;--awb-flex-wrap:wrap;\" ><div class=\"fusion-builder-row fusion-row fusion-flex-align-items-flex-start fusion-flex-content-wrap\" style=\"width:104% !important;max-width:104% !important;margin-left: calc(-4% \/ 2 );margin-right: calc(-4% \/ 2 );\"><div class=\"fusion-layout-column fusion_builder_column fusion-builder-column-3 fusion_builder_column_1_1 1_1 fusion-flex-column\" style=\"--awb-bg-size:cover;--awb-width-large:100%;--awb-margin-top-large:0px;--awb-spacing-right-large:1.92%;--awb-margin-bottom-large:20px;--awb-spacing-left-large:1.92%;--awb-width-medium:100%;--awb-order-medium:0;--awb-spacing-right-medium:1.92%;--awb-spacing-left-medium:1.92%;--awb-width-small:100%;--awb-order-small:0;--awb-spacing-right-small:1.92%;--awb-spacing-left-small:1.92%;\"><div class=\"fusion-column-wrapper fusion-column-has-shadow fusion-flex-justify-content-flex-start fusion-content-layout-column\"><div class=\"fusion-section-separator section-separator slant fusion-section-separator-2\" style=\"--awb-spacer-height:99px;--awb-svg-margin-left:1.92%;--awb-svg-margin-right:1.92%;--awb-svg-margin-left-medium:1.92%;--awb-svg-margin-right-medium:1.92%;--awb-svg-margin-left-small:1.92%;--awb-svg-margin-right-small:1.92%;--awb-divider-height:99px;--awb-spacer-padding-top:inherit;--awb-sep-padding:0;--awb-svg-padding:0;\"><div class=\"fusion-section-separator-svg\"><svg class=\"fusion-slant-candy\" xmlns=\"http:\/\/www.w3.org\/2000\/svg\" version=\"1.1\" width=\"100%\" height=\"100\" viewBox=\"0 0 100 100\" preserveAspectRatio=\"none\" fill=\"rgba(244,244,243,1)\"><path d=\"M100 0 L100 100 L0 0 Z\"><\/path><\/svg><\/div><div class=\"fusion-section-separator-spacer\"><div class=\"fusion-section-separator-spacer-height\"><\/div><\/div><\/div><\/div><\/div><\/div><\/div><div class=\"fusion-fullwidth fullwidth-box fusion-builder-row-5 fusion-flex-container nonhundred-percent-fullwidth non-hundred-percent-height-scrolling\" style=\"--awb-border-radius-top-left:0px;--awb-border-radius-top-right:0px;--awb-border-radius-bottom-right:0px;--awb-border-radius-bottom-left:0px;--awb-padding-top:25px;--awb-padding-bottom:50px;--awb-flex-wrap:wrap;\" ><div class=\"fusion-builder-row fusion-row fusion-flex-align-items-flex-start fusion-flex-content-wrap\" style=\"max-width:1248px;margin-left: calc(-4% \/ 2 );margin-right: calc(-4% \/ 2 );\"><div class=\"fusion-layout-column fusion_builder_column fusion-builder-column-4 fusion_builder_column_1_1 1_1 fusion-flex-column\" style=\"--awb-bg-size:cover;--awb-width-large:100%;--awb-margin-top-large:0px;--awb-spacing-right-large:1.92%;--awb-margin-bottom-large:20px;--awb-spacing-left-large:1.92%;--awb-width-medium:100%;--awb-order-medium:0;--awb-spacing-right-medium:1.92%;--awb-spacing-left-medium:1.92%;--awb-width-small:100%;--awb-order-small:0;--awb-spacing-right-small:1.92%;--awb-spacing-left-small:1.92%;\"><div class=\"fusion-column-wrapper fusion-column-has-shadow fusion-flex-justify-content-flex-start fusion-content-layout-column\"><div class=\"fusion-image-element \" style=\"text-align:center;--awb-margin-bottom:30px;--awb-caption-title-font-family:var(--h2_typography-font-family);--awb-caption-title-font-weight:var(--h2_typography-font-weight);--awb-caption-title-font-style:var(--h2_typography-font-style);--awb-caption-title-size:var(--h2_typography-font-size);--awb-caption-title-transform:var(--h2_typography-text-transform);--awb-caption-title-line-height:var(--h2_typography-line-height);--awb-caption-title-letter-spacing:var(--h2_typography-letter-spacing);\"><span class=\" fusion-imageframe imageframe-none imageframe-2 hover-type-none frontimg\"><img decoding=\"async\" width=\"1024\" height=\"686\" title=\"Spielerschutz_Illustrationen_Illu_Spielsucht\" src=\"http:\/\/spielerschutz.swisscasinos.ch\/wp-content\/uploads\/2021\/08\/Spielerschutz_Illustrationen_Illu_Spielsucht-1024x686.png\" alt class=\"img-responsive wp-image-1679\" srcset=\"https:\/\/spielerschutz.swisscasinos.ch\/wp-content\/uploads\/2021\/08\/Spielerschutz_Illustrationen_Illu_Spielsucht-200x134.png 200w, https:\/\/spielerschutz.swisscasinos.ch\/wp-content\/uploads\/2021\/08\/Spielerschutz_Illustrationen_Illu_Spielsucht-400x268.png 400w, https:\/\/spielerschutz.swisscasinos.ch\/wp-content\/uploads\/2021\/08\/Spielerschutz_Illustrationen_Illu_Spielsucht-600x402.png 600w, https:\/\/spielerschutz.swisscasinos.ch\/wp-content\/uploads\/2021\/08\/Spielerschutz_Illustrationen_Illu_Spielsucht-800x536.png 800w, https:\/\/spielerschutz.swisscasinos.ch\/wp-content\/uploads\/2021\/08\/Spielerschutz_Illustrationen_Illu_Spielsucht-1200x804.png 1200w, https:\/\/spielerschutz.swisscasinos.ch\/wp-content\/uploads\/2021\/08\/Spielerschutz_Illustrationen_Illu_Spielsucht.png 4488w\" sizes=\"(max-width: 640px) 100vw, 1200px\" \/><\/span><\/div><div class=\"fusion-title title fusion-title-6 fusion-sep-none fusion-title-center fusion-title-text fusion-title-size-one\"><h1 class=\"fusion-title-heading title-heading-center\" style=\"margin:0;\">Di&shy;\u00adpen&shy;\u00adden&shy;\u00adza da gi&shy;o\u00adco<\/h1><\/div><div class=\"fusion-title title fusion-title-7 fusion-sep-none fusion-title-center fusion-title-text fusion-title-size-four\"><h4 class=\"fusion-title-heading title-heading-center\" style=\"margin:0;\">Fidati del tuo istinto<\/h4><\/div><div class=\"fusion-text fusion-text-3\"><p>Se il gioco d\u2019azzardo diviene pi\u00f9 importante della tua vita professionale o sociale, potresti soffrire di una dipendenza da gioco.<\/p>\n<p>Mostra segni di dipendenza da gioco chi&#8230;<\/p>\n<ul>\n<li>nonostante la chiara intenzione di non giocare, non riesce a trattenersi.<\/li>\n<li>durante il gioco non rispetta gli intervalli temporali prefissati e gli obiettivi di budget.<\/li>\n<li>mostra irrequietezza e aggressivit\u00e0 se non vi \u00e8 la possibilit\u00e0 di giocare.<\/li>\n<li>trascura il lavoro per poter giocare.<\/li>\n<li>oltre al gioco, trascura il proprio aspetto.<\/li>\n<li>chiede denaro ad altri per poter continuare a giocare.<\/li>\n<li>con le vincite pareggia i debiti o vorrebbe risolvere altri problemi economici.<\/li>\n<li>crea pessime situazioni in famiglia a causa del gioco.<\/li>\n<li>non mostra pi\u00f9 interesse negli amici o nelle attivit\u00e0 del tempo libero.<\/li>\n<li>intrattiene pensieri suicidi a causa del gioco.<\/li>\n<\/ul>\n<p>Contattaci senza remore se riconosci questi segni nella tua persona o in un familiare o conoscente. Insieme troveremo una soluzione.<\/p>\n<\/div><\/div><\/div><\/div><\/div><\/p>\n","protected":false},"excerpt":{"rendered":"","protected":false},"author":2,"featured_media":0,"parent":0,"menu_order":0,"comment_status":"closed","ping_status":"closed","template":"100-width.php","meta":{"footnotes":""},"class_list":["post-1968","page","type-page","status-publish","hentry"],"yoast_head":"<!-- This site is optimized with the Yoast SEO plugin v27.4 - https:\/\/yoast.com\/product\/yoast-seo-wordpress\/ -->\n<title>Il gio&shy;co a sol&shy;di - Spielerschutz<\/title>\n<meta name=\"robots\" content=\"index, follow, max-snippet:-1, max-image-preview:large, max-video-preview:-1\" \/>\n<link rel=\"canonical\" href=\"https:\/\/spielerschutz.swisscasinos.ch\/it\/il-gioco-a-soldi\/\" \/>\n<meta property=\"og:locale\" content=\"it_IT\" \/>\n<meta property=\"og:type\" content=\"article\" \/>\n<meta property=\"og:title\" content=\"Il gio&shy;co a sol&shy;di - Spielerschutz\" \/>\n<meta property=\"og:url\" content=\"https:\/\/spielerschutz.swisscasinos.ch\/it\/il-gioco-a-soldi\/\" \/>\n<meta property=\"og:site_name\" content=\"Spielerschutz\" \/>\n<meta property=\"article:modified_time\" content=\"2022-07-11T09:23:12+00:00\" \/>\n<meta name=\"twitter:card\" content=\"summary_large_image\" \/>\n<meta name=\"twitter:label1\" content=\"Tempo di lettura stimato\" \/>\n\t<meta name=\"twitter:data1\" content=\"8 minuti\" \/>\n<script type=\"application\/ld+json\" class=\"yoast-schema-graph\">{\"@context\":\"https:\\\/\\\/schema.org\",\"@graph\":[{\"@type\":\"WebPage\",\"@id\":\"https:\\\/\\\/spielerschutz.swisscasinos.ch\\\/it\\\/il-gioco-a-soldi\\\/\",\"url\":\"https:\\\/\\\/spielerschutz.swisscasinos.ch\\\/it\\\/il-gioco-a-soldi\\\/\",\"name\":\"Il gio&shy;co a sol&shy;di - Spielerschutz\",\"isPartOf\":{\"@id\":\"https:\\\/\\\/spielerschutz.swisscasinos.ch\\\/it\\\/#website\"},\"datePublished\":\"2021-09-02T07:33:44+00:00\",\"dateModified\":\"2022-07-11T09:23:12+00:00\",\"breadcrumb\":{\"@id\":\"https:\\\/\\\/spielerschutz.swisscasinos.ch\\\/it\\\/il-gioco-a-soldi\\\/#breadcrumb\"},\"inLanguage\":\"it-IT\",\"potentialAction\":[{\"@type\":\"ReadAction\",\"target\":[\"https:\\\/\\\/spielerschutz.swisscasinos.ch\\\/it\\\/il-gioco-a-soldi\\\/\"]}]},{\"@type\":\"BreadcrumbList\",\"@id\":\"https:\\\/\\\/spielerschutz.swisscasinos.ch\\\/it\\\/il-gioco-a-soldi\\\/#breadcrumb\",\"itemListElement\":[{\"@type\":\"ListItem\",\"position\":1,\"name\":\"Startseite\",\"item\":\"https:\\\/\\\/spielerschutz.swisscasinos.ch\\\/it\\\/\"},{\"@type\":\"ListItem\",\"position\":2,\"name\":\"Il gio&shy;co a sol&shy;di\"}]},{\"@type\":\"WebSite\",\"@id\":\"https:\\\/\\\/spielerschutz.swisscasinos.ch\\\/it\\\/#website\",\"url\":\"https:\\\/\\\/spielerschutz.swisscasinos.ch\\\/it\\\/\",\"name\":\"Spielerschutz\",\"description\":\"Swiss Casinos\",\"potentialAction\":[{\"@type\":\"SearchAction\",\"target\":{\"@type\":\"EntryPoint\",\"urlTemplate\":\"https:\\\/\\\/spielerschutz.swisscasinos.ch\\\/it\\\/?s={search_term_string}\"},\"query-input\":{\"@type\":\"PropertyValueSpecification\",\"valueRequired\":true,\"valueName\":\"search_term_string\"}}],\"inLanguage\":\"it-IT\"}]}<\/script>\n<!-- \/ Yoast SEO plugin. -->","yoast_head_json":{"title":"Il gio&shy;co a sol&shy;di - Spielerschutz","robots":{"index":"index","follow":"follow","max-snippet":"max-snippet:-1","max-image-preview":"max-image-preview:large","max-video-preview":"max-video-preview:-1"},"canonical":"https:\/\/spielerschutz.swisscasinos.ch\/it\/il-gioco-a-soldi\/","og_locale":"it_IT","og_type":"article","og_title":"Il gio&shy;co a sol&shy;di - Spielerschutz","og_url":"https:\/\/spielerschutz.swisscasinos.ch\/it\/il-gioco-a-soldi\/","og_site_name":"Spielerschutz","article_modified_time":"2022-07-11T09:23:12+00:00","twitter_card":"summary_large_image","twitter_misc":{"Tempo di lettura stimato":"8 minuti"},"schema":{"@context":"https:\/\/schema.org","@graph":[{"@type":"WebPage","@id":"https:\/\/spielerschutz.swisscasinos.ch\/it\/il-gioco-a-soldi\/","url":"https:\/\/spielerschutz.swisscasinos.ch\/it\/il-gioco-a-soldi\/","name":"Il gio&shy;co a sol&shy;di - Spielerschutz","isPartOf":{"@id":"https:\/\/spielerschutz.swisscasinos.ch\/it\/#website"},"datePublished":"2021-09-02T07:33:44+00:00","dateModified":"2022-07-11T09:23:12+00:00","breadcrumb":{"@id":"https:\/\/spielerschutz.swisscasinos.ch\/it\/il-gioco-a-soldi\/#breadcrumb"},"inLanguage":"it-IT","potentialAction":[{"@type":"ReadAction","target":["https:\/\/spielerschutz.swisscasinos.ch\/it\/il-gioco-a-soldi\/"]}]},{"@type":"BreadcrumbList","@id":"https:\/\/spielerschutz.swisscasinos.ch\/it\/il-gioco-a-soldi\/#breadcrumb","itemListElement":[{"@type":"ListItem","position":1,"name":"Startseite","item":"https:\/\/spielerschutz.swisscasinos.ch\/it\/"},{"@type":"ListItem","position":2,"name":"Il gio&shy;co a sol&shy;di"}]},{"@type":"WebSite","@id":"https:\/\/spielerschutz.swisscasinos.ch\/it\/#website","url":"https:\/\/spielerschutz.swisscasinos.ch\/it\/","name":"Spielerschutz","description":"Swiss Casinos","potentialAction":[{"@type":"SearchAction","target":{"@type":"EntryPoint","urlTemplate":"https:\/\/spielerschutz.swisscasinos.ch\/it\/?s={search_term_string}"},"query-input":{"@type":"PropertyValueSpecification","valueRequired":true,"valueName":"search_term_string"}}],"inLanguage":"it-IT"}]}},"_links":{"self":[{"href":"https:\/\/spielerschutz.swisscasinos.ch\/it\/wp-json\/wp\/v2\/pages\/1968","targetHints":{"allow":["GET"]}}],"collection":[{"href":"https:\/\/spielerschutz.swisscasinos.ch\/it\/wp-json\/wp\/v2\/pages"}],"about":[{"href":"https:\/\/spielerschutz.swisscasinos.ch\/it\/wp-json\/wp\/v2\/types\/page"}],"author":[{"embeddable":true,"href":"https:\/\/spielerschutz.swisscasinos.ch\/it\/wp-json\/wp\/v2\/users\/2"}],"replies":[{"embeddable":true,"href":"https:\/\/spielerschutz.swisscasinos.ch\/it\/wp-json\/wp\/v2\/comments?post=1968"}],"version-history":[{"count":9,"href":"https:\/\/spielerschutz.swisscasinos.ch\/it\/wp-json\/wp\/v2\/pages\/1968\/revisions"}],"predecessor-version":[{"id":2765,"href":"https:\/\/spielerschutz.swisscasinos.ch\/it\/wp-json\/wp\/v2\/pages\/1968\/revisions\/2765"}],"wp:attachment":[{"href":"https:\/\/spielerschutz.swisscasinos.ch\/it\/wp-json\/wp\/v2\/media?parent=1968"}],"curies":[{"name":"wp","href":"https:\/\/api.w.org\/{rel}","templated":true}]}}